{"id":4271,"date":"2022-07-13T13:58:19","date_gmt":"2022-07-13T19:58:19","guid":{"rendered":"https:\/\/labellacanasta.com\/?post_type=product&#038;p=4271"},"modified":"2025-01-17T11:21:29","modified_gmt":"2025-01-17T17:21:29","slug":"set-de-herramientas-hanck","status":"publish","type":"product","link":"https:\/\/labellacanasta.com\/?product=set-de-herramientas-hanck","title":{"rendered":"Set de herramientas Hanck con logo de tu empresa"},"content":{"rendered":"<p>Contiene flex\u00f3metro de 2 m, desarmador plano y de cruz, martillo, verificador de corriente y pinzas. Incluye estuche.<\/p>\n<p><strong>INCLUYE IMPRESI\u00d3N 1 CARA 1 LOGO 1 TINTA (ESTUCHE)<\/strong><\/p>\n<p>ESPECIFICACIONES<\/p>\n<p>MATERIAL : Metal \/ Pl\u00e1stico<br \/>\nMEDIDA : 25.5 x 19.7 cm<br \/>\n\u00c1REA DE IMPRESI\u00d3N : 18 x 10 cm<br \/>\nT\u00c9CNICA DE IMPRESI\u00d3N : Serigraf\u00eda<br \/>\nCOLORES : Blanco con Negro<\/p>\n<p>Favor de contactar a un asesor de ventas para su cotizaci\u00f3n personalizada.<\/p>\n","protected":false},"excerpt":{"rendered":"<p>Contiene flex\u00f3metro de 2 m, desarmador plano y de cruz, martillo, verificador de corriente y pinzas. Incluye estuche. INCLUYE IMPRESI\u00d3N 1 CARA 1 LOGO 1 TINTA (ESTUCHE) ESPECIFICACIONES MATERIAL : Metal \/ Pl\u00e1stico MEDIDA : 25.5 x 19.7 cm \u00c1REA DE IMPRESI\u00d3N : 18 x 10 cm T\u00c9CNICA DE IMPRESI\u00d3N : Serigraf\u00eda COLORES : Blanco [&hellip;]<\/p>\n","protected":false},"featured_media":4278,"template":"","meta":[],"product_brand":[],"product_cat":[386],"product_tag":[],"class_list":{"0":"post-4271","1":"product","2":"type-product","3":"status-publish","4":"has-post-thumbnail","6":"product_cat-articulos-promocionales","8":"first","9":"instock","10":"taxable","11":"shipping-taxable","12":"product-type-simple"},"yoast_head":"<!-- This site is optimized with the Yoast SEO plugin v25.5 - https:\/\/yoast.com\/wordpress\/plugins\/seo\/ -->\n<title>Set de herramientas Hanck con logo de tu empresa - La Bella Canasta<\/title>\n<meta name=\"robots\" content=\"index, follow, max-snippet:-1, max-image-preview:large, max-video-preview:-1\" \/>\n<link rel=\"canonical\" href=\"https:\/\/labellacanasta.com\/?product=set-de-herramientas-hanck\" \/>\n<meta property=\"og:locale\" content=\"es_ES\" \/>\n<meta property=\"og:type\" content=\"article\" \/>\n<meta property=\"og:title\" content=\"Set de herramientas Hanck con logo de tu empresa - La Bella Canasta\" \/>\n<meta property=\"og:description\" content=\"Contiene flex\u00f3metro de 2 m, desarmador plano y de cruz, martillo, verificador de corriente y pinzas. Incluye estuche. INCLUYE IMPRESI\u00d3N 1 CARA 1 LOGO 1 TINTA (ESTUCHE) ESPECIFICACIONES MATERIAL : Metal \/ Pl\u00e1stico MEDIDA : 25.5 x 19.7 cm \u00c1REA DE IMPRESI\u00d3N : 18 x 10 cm T\u00c9CNICA DE IMPRESI\u00d3N : Serigraf\u00eda COLORES : Blanco [&hellip;]\" \/>\n<meta property=\"og:url\" content=\"https:\/\/labellacanasta.com\/?product=set-de-herramientas-hanck\" \/>\n<meta property=\"og:site_name\" content=\"La Bella Canasta\" \/>\n<meta property=\"article:publisher\" content=\"https:\/\/www.facebook.com\/Labellacanasta\" \/>\n<meta property=\"article:modified_time\" content=\"2025-01-17T17:21:29+00:00\" \/>\n<meta property=\"og:image\" content=\"https:\/\/labellacanasta.com\/wp-content\/uploads\/2022\/07\/hack.png\" \/>\n\t<meta property=\"og:image:width\" content=\"1200\" \/>\n\t<meta property=\"og:image:height\" content=\"1200\" \/>\n\t<meta property=\"og:image:type\" content=\"image\/png\" \/>\n<meta name=\"twitter:card\" content=\"summary_large_image\" \/>\n<meta name=\"twitter:label1\" content=\"Tiempo de lectura\" \/>\n\t<meta name=\"twitter:data1\" content=\"1 minuto\" \/>\n<script type=\"application\/ld+json\" class=\"yoast-schema-graph\">{\"@context\":\"https:\/\/schema.org\",\"@graph\":[{\"@type\":\"WebPage\",\"@id\":\"https:\/\/labellacanasta.com\/?product=set-de-herramientas-hanck\",\"url\":\"https:\/\/labellacanasta.com\/?product=set-de-herramientas-hanck\",\"name\":\"Set de herramientas Hanck con logo de tu empresa - La Bella Canasta\",\"isPartOf\":{\"@id\":\"https:\/\/labellacanasta.com\/#website\"},\"primaryImageOfPage\":{\"@id\":\"https:\/\/labellacanasta.com\/?product=set-de-herramientas-hanck#primaryimage\"},\"image\":{\"@id\":\"https:\/\/labellacanasta.com\/?product=set-de-herramientas-hanck#primaryimage\"},\"thumbnailUrl\":\"https:\/\/labellacanasta.com\/wp-content\/uploads\/2022\/07\/hack.png\",\"datePublished\":\"2022-07-13T19:58:19+00:00\",\"dateModified\":\"2025-01-17T17:21:29+00:00\",\"breadcrumb\":{\"@id\":\"https:\/\/labellacanasta.com\/?product=set-de-herramientas-hanck#breadcrumb\"},\"inLanguage\":\"es\",\"potentialAction\":[{\"@type\":\"ReadAction\",\"target\":[\"https:\/\/labellacanasta.com\/?product=set-de-herramientas-hanck\"]}]},{\"@type\":\"ImageObject\",\"inLanguage\":\"es\",\"@id\":\"https:\/\/labellacanasta.com\/?product=set-de-herramientas-hanck#primaryimage\",\"url\":\"https:\/\/labellacanasta.com\/wp-content\/uploads\/2022\/07\/hack.png\",\"contentUrl\":\"https:\/\/labellacanasta.com\/wp-content\/uploads\/2022\/07\/hack.png\",\"width\":1200,\"height\":1200},{\"@type\":\"BreadcrumbList\",\"@id\":\"https:\/\/labellacanasta.com\/?product=set-de-herramientas-hanck#breadcrumb\",\"itemListElement\":[{\"@type\":\"ListItem\",\"position\":1,\"name\":\"Portada\",\"item\":\"https:\/\/labellacanasta.com\/\"},{\"@type\":\"ListItem\",\"position\":2,\"name\":\"Tienda\",\"item\":\"https:\/\/labellacanasta.com\/?page_id=11\"},{\"@type\":\"ListItem\",\"position\":3,\"name\":\"Set de herramientas Hanck con logo de tu empresa\"}]},{\"@type\":\"WebSite\",\"@id\":\"https:\/\/labellacanasta.com\/#website\",\"url\":\"https:\/\/labellacanasta.com\/\",\"name\":\"La Bella Canasta\",\"description\":\"Lo Mejor del Mundo en una Canasta\",\"publisher\":{\"@id\":\"https:\/\/labellacanasta.com\/#organization\"},\"potentialAction\":[{\"@type\":\"SearchAction\",\"target\":{\"@type\":\"EntryPoint\",\"urlTemplate\":\"https:\/\/labellacanasta.com\/?s={search_term_string}\"},\"query-input\":{\"@type\":\"PropertyValueSpecification\",\"valueRequired\":true,\"valueName\":\"search_term_string\"}}],\"inLanguage\":\"es\"},{\"@type\":\"Organization\",\"@id\":\"https:\/\/labellacanasta.com\/#organization\",\"name\":\"La Bella Canasta\",\"url\":\"https:\/\/labellacanasta.com\/\",\"logo\":{\"@type\":\"ImageObject\",\"inLanguage\":\"es\",\"@id\":\"https:\/\/labellacanasta.com\/#\/schema\/logo\/image\/\",\"url\":\"https:\/\/labellacanasta.com\/wp-content\/uploads\/2021\/01\/logo380.png\",\"contentUrl\":\"https:\/\/labellacanasta.com\/wp-content\/uploads\/2021\/01\/logo380.png\",\"width\":380,\"height\":133,\"caption\":\"La Bella Canasta\"},\"image\":{\"@id\":\"https:\/\/labellacanasta.com\/#\/schema\/logo\/image\/\"},\"sameAs\":[\"https:\/\/www.facebook.com\/Labellacanasta\",\"https:\/\/www.instagram.com\/bellacanasta\/\",\"https:\/\/www.linkedin.com\/company\/10255860\/admin\/\"]}]}<\/script>\n<!-- \/ Yoast SEO plugin. -->","yoast_head_json":{"title":"Set de herramientas Hanck con logo de tu empresa - La Bella Canasta","robots":{"index":"index","follow":"follow","max-snippet":"max-snippet:-1","max-image-preview":"max-image-preview:large","max-video-preview":"max-video-preview:-1"},"canonical":"https:\/\/labellacanasta.com\/?product=set-de-herramientas-hanck","og_locale":"es_ES","og_type":"article","og_title":"Set de herramientas Hanck con logo de tu empresa - La Bella Canasta","og_description":"Contiene flex\u00f3metro de 2 m, desarmador plano y de cruz, martillo, verificador de corriente y pinzas. Incluye estuche. INCLUYE IMPRESI\u00d3N 1 CARA 1 LOGO 1 TINTA (ESTUCHE) ESPECIFICACIONES MATERIAL : Metal \/ Pl\u00e1stico MEDIDA : 25.5 x 19.7 cm \u00c1REA DE IMPRESI\u00d3N : 18 x 10 cm T\u00c9CNICA DE IMPRESI\u00d3N : Serigraf\u00eda COLORES : Blanco [&hellip;]","og_url":"https:\/\/labellacanasta.com\/?product=set-de-herramientas-hanck","og_site_name":"La Bella Canasta","article_publisher":"https:\/\/www.facebook.com\/Labellacanasta","article_modified_time":"2025-01-17T17:21:29+00:00","og_image":[{"width":1200,"height":1200,"url":"https:\/\/labellacanasta.com\/wp-content\/uploads\/2022\/07\/hack.png","type":"image\/png"}],"twitter_card":"summary_large_image","twitter_misc":{"Tiempo de lectura":"1 minuto"},"schema":{"@context":"https:\/\/schema.org","@graph":[{"@type":"WebPage","@id":"https:\/\/labellacanasta.com\/?product=set-de-herramientas-hanck","url":"https:\/\/labellacanasta.com\/?product=set-de-herramientas-hanck","name":"Set de herramientas Hanck con logo de tu empresa - La Bella Canasta","isPartOf":{"@id":"https:\/\/labellacanasta.com\/#website"},"primaryImageOfPage":{"@id":"https:\/\/labellacanasta.com\/?product=set-de-herramientas-hanck#primaryimage"},"image":{"@id":"https:\/\/labellacanasta.com\/?product=set-de-herramientas-hanck#primaryimage"},"thumbnailUrl":"https:\/\/labellacanasta.com\/wp-content\/uploads\/2022\/07\/hack.png","datePublished":"2022-07-13T19:58:19+00:00","dateModified":"2025-01-17T17:21:29+00:00","breadcrumb":{"@id":"https:\/\/labellacanasta.com\/?product=set-de-herramientas-hanck#breadcrumb"},"inLanguage":"es","potentialAction":[{"@type":"ReadAction","target":["https:\/\/labellacanasta.com\/?product=set-de-herramientas-hanck"]}]},{"@type":"ImageObject","inLanguage":"es","@id":"https:\/\/labellacanasta.com\/?product=set-de-herramientas-hanck#primaryimage","url":"https:\/\/labellacanasta.com\/wp-content\/uploads\/2022\/07\/hack.png","contentUrl":"https:\/\/labellacanasta.com\/wp-content\/uploads\/2022\/07\/hack.png","width":1200,"height":1200},{"@type":"BreadcrumbList","@id":"https:\/\/labellacanasta.com\/?product=set-de-herramientas-hanck#breadcrumb","itemListElement":[{"@type":"ListItem","position":1,"name":"Portada","item":"https:\/\/labellacanasta.com\/"},{"@type":"ListItem","position":2,"name":"Tienda","item":"https:\/\/labellacanasta.com\/?page_id=11"},{"@type":"ListItem","position":3,"name":"Set de herramientas Hanck con logo de tu empresa"}]},{"@type":"WebSite","@id":"https:\/\/labellacanasta.com\/#website","url":"https:\/\/labellacanasta.com\/","name":"La Bella Canasta","description":"Lo Mejor del Mundo en una Canasta","publisher":{"@id":"https:\/\/labellacanasta.com\/#organization"},"potentialAction":[{"@type":"SearchAction","target":{"@type":"EntryPoint","urlTemplate":"https:\/\/labellacanasta.com\/?s={search_term_string}"},"query-input":{"@type":"PropertyValueSpecification","valueRequired":true,"valueName":"search_term_string"}}],"inLanguage":"es"},{"@type":"Organization","@id":"https:\/\/labellacanasta.com\/#organization","name":"La Bella Canasta","url":"https:\/\/labellacanasta.com\/","logo":{"@type":"ImageObject","inLanguage":"es","@id":"https:\/\/labellacanasta.com\/#\/schema\/logo\/image\/","url":"https:\/\/labellacanasta.com\/wp-content\/uploads\/2021\/01\/logo380.png","contentUrl":"https:\/\/labellacanasta.com\/wp-content\/uploads\/2021\/01\/logo380.png","width":380,"height":133,"caption":"La Bella Canasta"},"image":{"@id":"https:\/\/labellacanasta.com\/#\/schema\/logo\/image\/"},"sameAs":["https:\/\/www.facebook.com\/Labellacanasta","https:\/\/www.instagram.com\/bellacanasta\/","https:\/\/www.linkedin.com\/company\/10255860\/admin\/"]}]}},"amp_enabled":true,"_links":{"self":[{"href":"https:\/\/labellacanasta.com\/index.php?rest_route=\/wp\/v2\/product\/4271","targetHints":{"allow":["GET"]}}],"collection":[{"href":"https:\/\/labellacanasta.com\/index.php?rest_route=\/wp\/v2\/product"}],"about":[{"href":"https:\/\/labellacanasta.com\/index.php?rest_route=\/wp\/v2\/types\/product"}],"wp:featuredmedia":[{"embeddable":true,"href":"https:\/\/labellacanasta.com\/index.php?rest_route=\/wp\/v2\/media\/4278"}],"wp:attachment":[{"href":"https:\/\/labellacanasta.com\/index.php?rest_route=%2Fwp%2Fv2%2Fmedia&parent=4271"}],"wp:term":[{"taxonomy":"product_brand","embeddable":true,"href":"https:\/\/labellacanasta.com\/index.php?rest_route=%2Fwp%2Fv2%2Fproduct_brand&post=4271"},{"taxonomy":"product_cat","embeddable":true,"href":"https:\/\/labellacanasta.com\/index.php?rest_route=%2Fwp%2Fv2%2Fproduct_cat&post=4271"},{"taxonomy":"product_tag","embeddable":true,"href":"https:\/\/labellacanasta.com\/index.php?rest_route=%2Fwp%2Fv2%2Fproduct_tag&post=4271"}],"curies":[{"name":"wp","href":"https:\/\/api.w.org\/{rel}","templated":true}]}}