{"id":4046,"date":"2022-04-07T10:45:23","date_gmt":"2022-04-07T16:45:23","guid":{"rendered":"https:\/\/labellacanasta.com\/?post_type=product&#038;p=4046"},"modified":"2026-04-07T15:49:22","modified_gmt":"2026-04-07T21:49:22","slug":"orquidea-phalenopsis","status":"publish","type":"product","link":"https:\/\/labellacanasta.com\/?product=orquidea-phalenopsis","title":{"rendered":"Hermosa Orqu\u00eddea Phalenopsis en colores ex\u00f3ticos"},"content":{"rendered":"<p>Hermosa Orqu\u00eddea Phalenopsis en base. Elegante obsequio ideal para cualquier ocasi\u00f3n.<\/p>\n","protected":false},"excerpt":{"rendered":"<p>Hermosa Orqu\u00eddea Phalenopsis en base. Elegante obsequio ideal para cualquier ocasi\u00f3n.<\/p>\n","protected":false},"featured_media":4052,"template":"","meta":[],"product_brand":[],"product_cat":[332,49,133],"product_tag":[74,75],"class_list":{"0":"post-4046","1":"product","2":"type-product","3":"status-publish","4":"has-post-thumbnail","6":"product_cat-arreglos-con-plantas","7":"product_cat-condolencias","8":"product_cat-plantas","9":"product_tag-orquidea","10":"product_tag-orquideas","12":"first","13":"instock","14":"taxable","15":"shipping-taxable","16":"purchasable","17":"product-type-simple"},"yoast_head":"<!-- This site is optimized with the Yoast SEO plugin v25.5 - https:\/\/yoast.com\/wordpress\/plugins\/seo\/ -->\n<title>Hermosa Orqu\u00eddea Phalenopsis en colores ex\u00f3ticos - La Bella Canasta<\/title>\n<meta name=\"robots\" content=\"index, follow, max-snippet:-1, max-image-preview:large, max-video-preview:-1\" \/>\n<link rel=\"canonical\" href=\"https:\/\/labellacanasta.com\/?product=orquidea-phalenopsis\" \/>\n<meta property=\"og:locale\" content=\"es_ES\" \/>\n<meta property=\"og:type\" content=\"article\" \/>\n<meta property=\"og:title\" content=\"Hermosa Orqu\u00eddea Phalenopsis en colores ex\u00f3ticos - La Bella Canasta\" \/>\n<meta property=\"og:description\" content=\"Hermosa Orqu\u00eddea Phalenopsis en base. Elegante obsequio ideal para cualquier ocasi\u00f3n.\" \/>\n<meta property=\"og:url\" content=\"https:\/\/labellacanasta.com\/?product=orquidea-phalenopsis\" \/>\n<meta property=\"og:site_name\" content=\"La Bella Canasta\" \/>\n<meta property=\"article:publisher\" content=\"https:\/\/www.facebook.com\/Labellacanasta\" \/>\n<meta property=\"article:modified_time\" content=\"2026-04-07T21:49:22+00:00\" \/>\n<meta property=\"og:image\" content=\"https:\/\/labellacanasta.com\/wp-content\/uploads\/2022\/04\/planta-pequena.jpg\" \/>\n\t<meta property=\"og:image:width\" content=\"936\" \/>\n\t<meta property=\"og:image:height\" content=\"936\" \/>\n\t<meta property=\"og:image:type\" content=\"image\/jpeg\" \/>\n<meta name=\"twitter:card\" content=\"summary_large_image\" \/>\n<meta name=\"twitter:label1\" content=\"Tiempo de lectura\" \/>\n\t<meta name=\"twitter:data1\" content=\"1 minuto\" \/>\n<script type=\"application\/ld+json\" class=\"yoast-schema-graph\">{\"@context\":\"https:\/\/schema.org\",\"@graph\":[{\"@type\":\"WebPage\",\"@id\":\"https:\/\/labellacanasta.com\/?product=orquidea-phalenopsis\",\"url\":\"https:\/\/labellacanasta.com\/?product=orquidea-phalenopsis\",\"name\":\"Hermosa Orqu\u00eddea Phalenopsis en colores ex\u00f3ticos - La Bella Canasta\",\"isPartOf\":{\"@id\":\"https:\/\/labellacanasta.com\/#website\"},\"primaryImageOfPage\":{\"@id\":\"https:\/\/labellacanasta.com\/?product=orquidea-phalenopsis#primaryimage\"},\"image\":{\"@id\":\"https:\/\/labellacanasta.com\/?product=orquidea-phalenopsis#primaryimage\"},\"thumbnailUrl\":\"https:\/\/labellacanasta.com\/wp-content\/uploads\/2022\/04\/planta-pequena.jpg\",\"datePublished\":\"2022-04-07T16:45:23+00:00\",\"dateModified\":\"2026-04-07T21:49:22+00:00\",\"breadcrumb\":{\"@id\":\"https:\/\/labellacanasta.com\/?product=orquidea-phalenopsis#breadcrumb\"},\"inLanguage\":\"es\",\"potentialAction\":[{\"@type\":\"ReadAction\",\"target\":[\"https:\/\/labellacanasta.com\/?product=orquidea-phalenopsis\"]}]},{\"@type\":\"ImageObject\",\"inLanguage\":\"es\",\"@id\":\"https:\/\/labellacanasta.com\/?product=orquidea-phalenopsis#primaryimage\",\"url\":\"https:\/\/labellacanasta.com\/wp-content\/uploads\/2022\/04\/planta-pequena.jpg\",\"contentUrl\":\"https:\/\/labellacanasta.com\/wp-content\/uploads\/2022\/04\/planta-pequena.jpg\",\"width\":936,\"height\":936},{\"@type\":\"BreadcrumbList\",\"@id\":\"https:\/\/labellacanasta.com\/?product=orquidea-phalenopsis#breadcrumb\",\"itemListElement\":[{\"@type\":\"ListItem\",\"position\":1,\"name\":\"Portada\",\"item\":\"https:\/\/labellacanasta.com\/\"},{\"@type\":\"ListItem\",\"position\":2,\"name\":\"Tienda\",\"item\":\"https:\/\/labellacanasta.com\/?page_id=11\"},{\"@type\":\"ListItem\",\"position\":3,\"name\":\"Hermosa Orqu\u00eddea Phalenopsis en colores ex\u00f3ticos\"}]},{\"@type\":\"WebSite\",\"@id\":\"https:\/\/labellacanasta.com\/#website\",\"url\":\"https:\/\/labellacanasta.com\/\",\"name\":\"La Bella Canasta\",\"description\":\"Lo Mejor del Mundo en una Canasta\",\"publisher\":{\"@id\":\"https:\/\/labellacanasta.com\/#organization\"},\"potentialAction\":[{\"@type\":\"SearchAction\",\"target\":{\"@type\":\"EntryPoint\",\"urlTemplate\":\"https:\/\/labellacanasta.com\/?s={search_term_string}\"},\"query-input\":{\"@type\":\"PropertyValueSpecification\",\"valueRequired\":true,\"valueName\":\"search_term_string\"}}],\"inLanguage\":\"es\"},{\"@type\":\"Organization\",\"@id\":\"https:\/\/labellacanasta.com\/#organization\",\"name\":\"La Bella Canasta\",\"url\":\"https:\/\/labellacanasta.com\/\",\"logo\":{\"@type\":\"ImageObject\",\"inLanguage\":\"es\",\"@id\":\"https:\/\/labellacanasta.com\/#\/schema\/logo\/image\/\",\"url\":\"https:\/\/labellacanasta.com\/wp-content\/uploads\/2021\/01\/logo380.png\",\"contentUrl\":\"https:\/\/labellacanasta.com\/wp-content\/uploads\/2021\/01\/logo380.png\",\"width\":380,\"height\":133,\"caption\":\"La Bella Canasta\"},\"image\":{\"@id\":\"https:\/\/labellacanasta.com\/#\/schema\/logo\/image\/\"},\"sameAs\":[\"https:\/\/www.facebook.com\/Labellacanasta\",\"https:\/\/www.instagram.com\/bellacanasta\/\",\"https:\/\/www.linkedin.com\/company\/10255860\/admin\/\"]}]}<\/script>\n<!-- \/ Yoast SEO plugin. -->","yoast_head_json":{"title":"Hermosa Orqu\u00eddea Phalenopsis en colores ex\u00f3ticos - La Bella Canasta","robots":{"index":"index","follow":"follow","max-snippet":"max-snippet:-1","max-image-preview":"max-image-preview:large","max-video-preview":"max-video-preview:-1"},"canonical":"https:\/\/labellacanasta.com\/?product=orquidea-phalenopsis","og_locale":"es_ES","og_type":"article","og_title":"Hermosa Orqu\u00eddea Phalenopsis en colores ex\u00f3ticos - La Bella Canasta","og_description":"Hermosa Orqu\u00eddea Phalenopsis en base. Elegante obsequio ideal para cualquier ocasi\u00f3n.","og_url":"https:\/\/labellacanasta.com\/?product=orquidea-phalenopsis","og_site_name":"La Bella Canasta","article_publisher":"https:\/\/www.facebook.com\/Labellacanasta","article_modified_time":"2026-04-07T21:49:22+00:00","og_image":[{"width":936,"height":936,"url":"https:\/\/labellacanasta.com\/wp-content\/uploads\/2022\/04\/planta-pequena.jpg","type":"image\/jpeg"}],"twitter_card":"summary_large_image","twitter_misc":{"Tiempo de lectura":"1 minuto"},"schema":{"@context":"https:\/\/schema.org","@graph":[{"@type":"WebPage","@id":"https:\/\/labellacanasta.com\/?product=orquidea-phalenopsis","url":"https:\/\/labellacanasta.com\/?product=orquidea-phalenopsis","name":"Hermosa Orqu\u00eddea Phalenopsis en colores ex\u00f3ticos - La Bella Canasta","isPartOf":{"@id":"https:\/\/labellacanasta.com\/#website"},"primaryImageOfPage":{"@id":"https:\/\/labellacanasta.com\/?product=orquidea-phalenopsis#primaryimage"},"image":{"@id":"https:\/\/labellacanasta.com\/?product=orquidea-phalenopsis#primaryimage"},"thumbnailUrl":"https:\/\/labellacanasta.com\/wp-content\/uploads\/2022\/04\/planta-pequena.jpg","datePublished":"2022-04-07T16:45:23+00:00","dateModified":"2026-04-07T21:49:22+00:00","breadcrumb":{"@id":"https:\/\/labellacanasta.com\/?product=orquidea-phalenopsis#breadcrumb"},"inLanguage":"es","potentialAction":[{"@type":"ReadAction","target":["https:\/\/labellacanasta.com\/?product=orquidea-phalenopsis"]}]},{"@type":"ImageObject","inLanguage":"es","@id":"https:\/\/labellacanasta.com\/?product=orquidea-phalenopsis#primaryimage","url":"https:\/\/labellacanasta.com\/wp-content\/uploads\/2022\/04\/planta-pequena.jpg","contentUrl":"https:\/\/labellacanasta.com\/wp-content\/uploads\/2022\/04\/planta-pequena.jpg","width":936,"height":936},{"@type":"BreadcrumbList","@id":"https:\/\/labellacanasta.com\/?product=orquidea-phalenopsis#breadcrumb","itemListElement":[{"@type":"ListItem","position":1,"name":"Portada","item":"https:\/\/labellacanasta.com\/"},{"@type":"ListItem","position":2,"name":"Tienda","item":"https:\/\/labellacanasta.com\/?page_id=11"},{"@type":"ListItem","position":3,"name":"Hermosa Orqu\u00eddea Phalenopsis en colores ex\u00f3ticos"}]},{"@type":"WebSite","@id":"https:\/\/labellacanasta.com\/#website","url":"https:\/\/labellacanasta.com\/","name":"La Bella Canasta","description":"Lo Mejor del Mundo en una Canasta","publisher":{"@id":"https:\/\/labellacanasta.com\/#organization"},"potentialAction":[{"@type":"SearchAction","target":{"@type":"EntryPoint","urlTemplate":"https:\/\/labellacanasta.com\/?s={search_term_string}"},"query-input":{"@type":"PropertyValueSpecification","valueRequired":true,"valueName":"search_term_string"}}],"inLanguage":"es"},{"@type":"Organization","@id":"https:\/\/labellacanasta.com\/#organization","name":"La Bella Canasta","url":"https:\/\/labellacanasta.com\/","logo":{"@type":"ImageObject","inLanguage":"es","@id":"https:\/\/labellacanasta.com\/#\/schema\/logo\/image\/","url":"https:\/\/labellacanasta.com\/wp-content\/uploads\/2021\/01\/logo380.png","contentUrl":"https:\/\/labellacanasta.com\/wp-content\/uploads\/2021\/01\/logo380.png","width":380,"height":133,"caption":"La Bella Canasta"},"image":{"@id":"https:\/\/labellacanasta.com\/#\/schema\/logo\/image\/"},"sameAs":["https:\/\/www.facebook.com\/Labellacanasta","https:\/\/www.instagram.com\/bellacanasta\/","https:\/\/www.linkedin.com\/company\/10255860\/admin\/"]}]}},"amp_enabled":true,"_links":{"self":[{"href":"https:\/\/labellacanasta.com\/index.php?rest_route=\/wp\/v2\/product\/4046","targetHints":{"allow":["GET"]}}],"collection":[{"href":"https:\/\/labellacanasta.com\/index.php?rest_route=\/wp\/v2\/product"}],"about":[{"href":"https:\/\/labellacanasta.com\/index.php?rest_route=\/wp\/v2\/types\/product"}],"wp:featuredmedia":[{"embeddable":true,"href":"https:\/\/labellacanasta.com\/index.php?rest_route=\/wp\/v2\/media\/4052"}],"wp:attachment":[{"href":"https:\/\/labellacanasta.com\/index.php?rest_route=%2Fwp%2Fv2%2Fmedia&parent=4046"}],"wp:term":[{"taxonomy":"product_brand","embeddable":true,"href":"https:\/\/labellacanasta.com\/index.php?rest_route=%2Fwp%2Fv2%2Fproduct_brand&post=4046"},{"taxonomy":"product_cat","embeddable":true,"href":"https:\/\/labellacanasta.com\/index.php?rest_route=%2Fwp%2Fv2%2Fproduct_cat&post=4046"},{"taxonomy":"product_tag","embeddable":true,"href":"https:\/\/labellacanasta.com\/index.php?rest_route=%2Fwp%2Fv2%2Fproduct_tag&post=4046"}],"curies":[{"name":"wp","href":"https:\/\/api.w.org\/{rel}","templated":true}]}}