{"id":3836,"date":"2022-03-22T16:50:26","date_gmt":"2022-03-22T22:50:26","guid":{"rendered":"https:\/\/labellacanasta.com\/?post_type=product&#038;p=3836"},"modified":"2025-10-27T09:46:13","modified_gmt":"2025-10-27T15:46:13","slug":"whisky-ballantines-para-disfrutar-wb1","status":"publish","type":"product","link":"https:\/\/labellacanasta.com\/?product=whisky-ballantines-para-disfrutar-wb1","title":{"rendered":"Whisky para disfrutar &#8211; WB1"},"content":{"rendered":"<p><strong>Incluye:<br \/>\n<\/strong>1 Whisky Ballantines o William Lawson ( seg\u00fan existencia) 200 ml<br \/>\n1 Carne seca fina La Estampida variedad<br \/>\n1 Pistachos Wonderful<br \/>\n1 Cacahuates tipo japon\u00e9s<br \/>\n1 Canasta bellamente decorada<br \/>\n1 List\u00f3n de tela<br \/>\n1 Tarjeta con breve mensaje de texto personalizado<br \/>\n<span style=\"color: #ff0000;\"><em><strong>****Compra m\u00ednima de 25 unidades<\/strong><\/em><\/span><\/p>\n<p><em>***El contenedor puede variar seg\u00fan existencia<br \/>\n<\/em>En caso de no encontrarse alg\u00fan producto arriba descrito, se sustituir\u00e1 por otro de igual o mayor valor.<\/p>\n","protected":false},"excerpt":{"rendered":"<p>Incluye: 1 Whisky Ballantines o William Lawson ( seg\u00fan existencia) 200 ml 1 Carne seca fina La Estampida variedad 1 Pistachos Wonderful 1 Cacahuates tipo japon\u00e9s 1 Canasta bellamente decorada 1 List\u00f3n de tela 1 Tarjeta con breve mensaje de texto personalizado ****Compra m\u00ednima de 25 unidades ***El contenedor puede variar seg\u00fan existencia En caso [&hellip;]<\/p>\n","protected":false},"featured_media":3837,"template":"","meta":[],"product_brand":[],"product_cat":[53],"product_tag":[],"class_list":{"0":"post-3836","1":"product","2":"type-product","3":"status-publish","4":"has-post-thumbnail","6":"product_cat-alto-volumen","8":"first","9":"instock","10":"taxable","11":"shipping-taxable","12":"purchasable","13":"product-type-simple"},"yoast_head":"<!-- This site is optimized with the Yoast SEO plugin v25.5 - https:\/\/yoast.com\/wordpress\/plugins\/seo\/ -->\n<title>Whisky para disfrutar - WB1 - La Bella Canasta<\/title>\n<meta name=\"robots\" content=\"index, follow, max-snippet:-1, max-image-preview:large, max-video-preview:-1\" \/>\n<link rel=\"canonical\" href=\"https:\/\/labellacanasta.com\/?product=whisky-ballantines-para-disfrutar-wb1\" \/>\n<meta property=\"og:locale\" content=\"es_ES\" \/>\n<meta property=\"og:type\" content=\"article\" \/>\n<meta property=\"og:title\" content=\"Whisky para disfrutar - WB1 - La Bella Canasta\" \/>\n<meta property=\"og:description\" content=\"Incluye: 1 Whisky Ballantines o William Lawson ( seg\u00fan existencia) 200 ml 1 Carne seca fina La Estampida variedad 1 Pistachos Wonderful 1 Cacahuates tipo japon\u00e9s 1 Canasta bellamente decorada 1 List\u00f3n de tela 1 Tarjeta con breve mensaje de texto personalizado ****Compra m\u00ednima de 25 unidades ***El contenedor puede variar seg\u00fan existencia En caso [&hellip;]\" \/>\n<meta property=\"og:url\" content=\"https:\/\/labellacanasta.com\/?product=whisky-ballantines-para-disfrutar-wb1\" \/>\n<meta property=\"og:site_name\" content=\"La Bella Canasta\" \/>\n<meta property=\"article:publisher\" content=\"https:\/\/www.facebook.com\/Labellacanasta\" \/>\n<meta property=\"article:modified_time\" content=\"2025-10-27T15:46:13+00:00\" \/>\n<meta property=\"og:image\" content=\"https:\/\/labellacanasta.com\/wp-content\/uploads\/2022\/03\/Producto-146.png\" \/>\n\t<meta property=\"og:image:width\" content=\"1080\" \/>\n\t<meta property=\"og:image:height\" content=\"1080\" \/>\n\t<meta property=\"og:image:type\" content=\"image\/png\" \/>\n<meta name=\"twitter:card\" content=\"summary_large_image\" \/>\n<meta name=\"twitter:label1\" content=\"Tiempo de lectura\" \/>\n\t<meta name=\"twitter:data1\" content=\"1 minuto\" \/>\n<script type=\"application\/ld+json\" class=\"yoast-schema-graph\">{\"@context\":\"https:\/\/schema.org\",\"@graph\":[{\"@type\":\"WebPage\",\"@id\":\"https:\/\/labellacanasta.com\/?product=whisky-ballantines-para-disfrutar-wb1\",\"url\":\"https:\/\/labellacanasta.com\/?product=whisky-ballantines-para-disfrutar-wb1\",\"name\":\"Whisky para disfrutar - WB1 - La Bella Canasta\",\"isPartOf\":{\"@id\":\"https:\/\/labellacanasta.com\/#website\"},\"primaryImageOfPage\":{\"@id\":\"https:\/\/labellacanasta.com\/?product=whisky-ballantines-para-disfrutar-wb1#primaryimage\"},\"image\":{\"@id\":\"https:\/\/labellacanasta.com\/?product=whisky-ballantines-para-disfrutar-wb1#primaryimage\"},\"thumbnailUrl\":\"https:\/\/labellacanasta.com\/wp-content\/uploads\/2022\/03\/Producto-146.png\",\"datePublished\":\"2022-03-22T22:50:26+00:00\",\"dateModified\":\"2025-10-27T15:46:13+00:00\",\"breadcrumb\":{\"@id\":\"https:\/\/labellacanasta.com\/?product=whisky-ballantines-para-disfrutar-wb1#breadcrumb\"},\"inLanguage\":\"es\",\"potentialAction\":[{\"@type\":\"ReadAction\",\"target\":[\"https:\/\/labellacanasta.com\/?product=whisky-ballantines-para-disfrutar-wb1\"]}]},{\"@type\":\"ImageObject\",\"inLanguage\":\"es\",\"@id\":\"https:\/\/labellacanasta.com\/?product=whisky-ballantines-para-disfrutar-wb1#primaryimage\",\"url\":\"https:\/\/labellacanasta.com\/wp-content\/uploads\/2022\/03\/Producto-146.png\",\"contentUrl\":\"https:\/\/labellacanasta.com\/wp-content\/uploads\/2022\/03\/Producto-146.png\",\"width\":1080,\"height\":1080,\"caption\":\"whisky ballantines\"},{\"@type\":\"BreadcrumbList\",\"@id\":\"https:\/\/labellacanasta.com\/?product=whisky-ballantines-para-disfrutar-wb1#breadcrumb\",\"itemListElement\":[{\"@type\":\"ListItem\",\"position\":1,\"name\":\"Portada\",\"item\":\"https:\/\/labellacanasta.com\/\"},{\"@type\":\"ListItem\",\"position\":2,\"name\":\"Tienda\",\"item\":\"https:\/\/labellacanasta.com\/?page_id=11\"},{\"@type\":\"ListItem\",\"position\":3,\"name\":\"Whisky para disfrutar &#8211; WB1\"}]},{\"@type\":\"WebSite\",\"@id\":\"https:\/\/labellacanasta.com\/#website\",\"url\":\"https:\/\/labellacanasta.com\/\",\"name\":\"La Bella Canasta\",\"description\":\"Lo Mejor del Mundo en una Canasta\",\"publisher\":{\"@id\":\"https:\/\/labellacanasta.com\/#organization\"},\"potentialAction\":[{\"@type\":\"SearchAction\",\"target\":{\"@type\":\"EntryPoint\",\"urlTemplate\":\"https:\/\/labellacanasta.com\/?s={search_term_string}\"},\"query-input\":{\"@type\":\"PropertyValueSpecification\",\"valueRequired\":true,\"valueName\":\"search_term_string\"}}],\"inLanguage\":\"es\"},{\"@type\":\"Organization\",\"@id\":\"https:\/\/labellacanasta.com\/#organization\",\"name\":\"La Bella Canasta\",\"url\":\"https:\/\/labellacanasta.com\/\",\"logo\":{\"@type\":\"ImageObject\",\"inLanguage\":\"es\",\"@id\":\"https:\/\/labellacanasta.com\/#\/schema\/logo\/image\/\",\"url\":\"https:\/\/labellacanasta.com\/wp-content\/uploads\/2021\/01\/logo380.png\",\"contentUrl\":\"https:\/\/labellacanasta.com\/wp-content\/uploads\/2021\/01\/logo380.png\",\"width\":380,\"height\":133,\"caption\":\"La Bella Canasta\"},\"image\":{\"@id\":\"https:\/\/labellacanasta.com\/#\/schema\/logo\/image\/\"},\"sameAs\":[\"https:\/\/www.facebook.com\/Labellacanasta\",\"https:\/\/www.instagram.com\/bellacanasta\/\",\"https:\/\/www.linkedin.com\/company\/10255860\/admin\/\"]}]}<\/script>\n<!-- \/ Yoast SEO plugin. -->","yoast_head_json":{"title":"Whisky para disfrutar - WB1 - La Bella Canasta","robots":{"index":"index","follow":"follow","max-snippet":"max-snippet:-1","max-image-preview":"max-image-preview:large","max-video-preview":"max-video-preview:-1"},"canonical":"https:\/\/labellacanasta.com\/?product=whisky-ballantines-para-disfrutar-wb1","og_locale":"es_ES","og_type":"article","og_title":"Whisky para disfrutar - WB1 - La Bella Canasta","og_description":"Incluye: 1 Whisky Ballantines o William Lawson ( seg\u00fan existencia) 200 ml 1 Carne seca fina La Estampida variedad 1 Pistachos Wonderful 1 Cacahuates tipo japon\u00e9s 1 Canasta bellamente decorada 1 List\u00f3n de tela 1 Tarjeta con breve mensaje de texto personalizado ****Compra m\u00ednima de 25 unidades ***El contenedor puede variar seg\u00fan existencia En caso [&hellip;]","og_url":"https:\/\/labellacanasta.com\/?product=whisky-ballantines-para-disfrutar-wb1","og_site_name":"La Bella Canasta","article_publisher":"https:\/\/www.facebook.com\/Labellacanasta","article_modified_time":"2025-10-27T15:46:13+00:00","og_image":[{"width":1080,"height":1080,"url":"https:\/\/labellacanasta.com\/wp-content\/uploads\/2022\/03\/Producto-146.png","type":"image\/png"}],"twitter_card":"summary_large_image","twitter_misc":{"Tiempo de lectura":"1 minuto"},"schema":{"@context":"https:\/\/schema.org","@graph":[{"@type":"WebPage","@id":"https:\/\/labellacanasta.com\/?product=whisky-ballantines-para-disfrutar-wb1","url":"https:\/\/labellacanasta.com\/?product=whisky-ballantines-para-disfrutar-wb1","name":"Whisky para disfrutar - WB1 - La Bella Canasta","isPartOf":{"@id":"https:\/\/labellacanasta.com\/#website"},"primaryImageOfPage":{"@id":"https:\/\/labellacanasta.com\/?product=whisky-ballantines-para-disfrutar-wb1#primaryimage"},"image":{"@id":"https:\/\/labellacanasta.com\/?product=whisky-ballantines-para-disfrutar-wb1#primaryimage"},"thumbnailUrl":"https:\/\/labellacanasta.com\/wp-content\/uploads\/2022\/03\/Producto-146.png","datePublished":"2022-03-22T22:50:26+00:00","dateModified":"2025-10-27T15:46:13+00:00","breadcrumb":{"@id":"https:\/\/labellacanasta.com\/?product=whisky-ballantines-para-disfrutar-wb1#breadcrumb"},"inLanguage":"es","potentialAction":[{"@type":"ReadAction","target":["https:\/\/labellacanasta.com\/?product=whisky-ballantines-para-disfrutar-wb1"]}]},{"@type":"ImageObject","inLanguage":"es","@id":"https:\/\/labellacanasta.com\/?product=whisky-ballantines-para-disfrutar-wb1#primaryimage","url":"https:\/\/labellacanasta.com\/wp-content\/uploads\/2022\/03\/Producto-146.png","contentUrl":"https:\/\/labellacanasta.com\/wp-content\/uploads\/2022\/03\/Producto-146.png","width":1080,"height":1080,"caption":"whisky ballantines"},{"@type":"BreadcrumbList","@id":"https:\/\/labellacanasta.com\/?product=whisky-ballantines-para-disfrutar-wb1#breadcrumb","itemListElement":[{"@type":"ListItem","position":1,"name":"Portada","item":"https:\/\/labellacanasta.com\/"},{"@type":"ListItem","position":2,"name":"Tienda","item":"https:\/\/labellacanasta.com\/?page_id=11"},{"@type":"ListItem","position":3,"name":"Whisky para disfrutar &#8211; WB1"}]},{"@type":"WebSite","@id":"https:\/\/labellacanasta.com\/#website","url":"https:\/\/labellacanasta.com\/","name":"La Bella Canasta","description":"Lo Mejor del Mundo en una Canasta","publisher":{"@id":"https:\/\/labellacanasta.com\/#organization"},"potentialAction":[{"@type":"SearchAction","target":{"@type":"EntryPoint","urlTemplate":"https:\/\/labellacanasta.com\/?s={search_term_string}"},"query-input":{"@type":"PropertyValueSpecification","valueRequired":true,"valueName":"search_term_string"}}],"inLanguage":"es"},{"@type":"Organization","@id":"https:\/\/labellacanasta.com\/#organization","name":"La Bella Canasta","url":"https:\/\/labellacanasta.com\/","logo":{"@type":"ImageObject","inLanguage":"es","@id":"https:\/\/labellacanasta.com\/#\/schema\/logo\/image\/","url":"https:\/\/labellacanasta.com\/wp-content\/uploads\/2021\/01\/logo380.png","contentUrl":"https:\/\/labellacanasta.com\/wp-content\/uploads\/2021\/01\/logo380.png","width":380,"height":133,"caption":"La Bella Canasta"},"image":{"@id":"https:\/\/labellacanasta.com\/#\/schema\/logo\/image\/"},"sameAs":["https:\/\/www.facebook.com\/Labellacanasta","https:\/\/www.instagram.com\/bellacanasta\/","https:\/\/www.linkedin.com\/company\/10255860\/admin\/"]}]}},"amp_enabled":true,"_links":{"self":[{"href":"https:\/\/labellacanasta.com\/index.php?rest_route=\/wp\/v2\/product\/3836","targetHints":{"allow":["GET"]}}],"collection":[{"href":"https:\/\/labellacanasta.com\/index.php?rest_route=\/wp\/v2\/product"}],"about":[{"href":"https:\/\/labellacanasta.com\/index.php?rest_route=\/wp\/v2\/types\/product"}],"wp:featuredmedia":[{"embeddable":true,"href":"https:\/\/labellacanasta.com\/index.php?rest_route=\/wp\/v2\/media\/3837"}],"wp:attachment":[{"href":"https:\/\/labellacanasta.com\/index.php?rest_route=%2Fwp%2Fv2%2Fmedia&parent=3836"}],"wp:term":[{"taxonomy":"product_brand","embeddable":true,"href":"https:\/\/labellacanasta.com\/index.php?rest_route=%2Fwp%2Fv2%2Fproduct_brand&post=3836"},{"taxonomy":"product_cat","embeddable":true,"href":"https:\/\/labellacanasta.com\/index.php?rest_route=%2Fwp%2Fv2%2Fproduct_cat&post=3836"},{"taxonomy":"product_tag","embeddable":true,"href":"https:\/\/labellacanasta.com\/index.php?rest_route=%2Fwp%2Fv2%2Fproduct_tag&post=3836"}],"curies":[{"name":"wp","href":"https:\/\/api.w.org\/{rel}","templated":true}]}}