{"id":3771,"date":"2022-02-10T16:51:01","date_gmt":"2022-02-10T22:51:01","guid":{"rendered":"https:\/\/labellacanasta.com\/?post_type=product&#038;p=3771"},"modified":"2025-01-21T11:42:58","modified_gmt":"2025-01-21T17:42:58","slug":"whisky-buchannas-12-anos-y-producto-gourmet-bc118","status":"publish","type":"product","link":"https:\/\/labellacanasta.com\/?product=whisky-buchannas-12-anos-y-producto-gourmet-bc118","title":{"rendered":"Whisky Buchannas 12 a\u00f1os y producto gourmet &#8211; BC118"},"content":{"rendered":"<p><strong>Incluye:<br \/>\n<\/strong>1 Whisky Buchannas 12 a\u00f1os 750 ml<br \/>\n1 Carne seca fina La estampida<br \/>\n1 Aceitunas rellenas Carbonell<br \/>\n1 Pat\u00e9 gourmet<br \/>\n1 Pistachos Wonderful<br \/>\n1 Ate de guayaba<br \/>\n1 Canasta bellamente decorada<br \/>\n1 Mo\u00f1o de tela<br \/>\n1 Tarjeta con breve mensaje de texto personalizado<\/p>\n<p><em>***El contenedor puede variar seg\u00fan existencia<br \/>\n<\/em>En caso de no encontrarse alg\u00fan producto arriba descrito, se sustituir\u00e1 por otro de igual o mayor valor.<\/p>\n","protected":false},"excerpt":{"rendered":"<p>Incluye: 1 Whisky Buchannas 12 a\u00f1os 750 ml 1 Carne seca fina La estampida 1 Aceitunas rellenas Carbonell 1 Pat\u00e9 gourmet 1 Pistachos Wonderful 1 Ate de guayaba 1 Canasta bellamente decorada 1 Mo\u00f1o de tela 1 Tarjeta con breve mensaje de texto personalizado ***El contenedor puede variar seg\u00fan existencia En caso de no encontrarse [&hellip;]<\/p>\n","protected":false},"featured_media":3773,"template":"","meta":[],"product_brand":[],"product_cat":[80,31,33,42,30,197,35,46,379],"product_tag":[],"class_list":{"0":"post-3771","1":"product","2":"type-product","3":"status-publish","4":"has-post-thumbnail","6":"product_cat-canasta-con-licores","7":"product_cat-canastas-de-regalo","8":"product_cat-comprar-por-ocasion","9":"product_cat-cumpleanos","10":"product_cat-dia-del-amor","11":"product_cat-dia-del-padre","12":"product_cat-gourmet","13":"product_cat-gracias","14":"product_cat-verano","16":"first","17":"instock","18":"taxable","19":"shipping-taxable","20":"purchasable","21":"product-type-simple"},"yoast_head":"<!-- This site is optimized with the Yoast SEO plugin v25.5 - https:\/\/yoast.com\/wordpress\/plugins\/seo\/ -->\n<title>Whisky Buchannas 12 a\u00f1os y producto gourmet - BC118 - La Bella Canasta<\/title>\n<meta name=\"robots\" content=\"index, follow, max-snippet:-1, max-image-preview:large, max-video-preview:-1\" \/>\n<link rel=\"canonical\" href=\"https:\/\/labellacanasta.com\/?product=whisky-buchannas-12-anos-y-producto-gourmet-bc118\" \/>\n<meta property=\"og:locale\" content=\"es_ES\" \/>\n<meta property=\"og:type\" content=\"article\" \/>\n<meta property=\"og:title\" content=\"Whisky Buchannas 12 a\u00f1os y producto gourmet - BC118 - La Bella Canasta\" \/>\n<meta property=\"og:description\" content=\"Incluye: 1 Whisky Buchannas 12 a\u00f1os 750 ml 1 Carne seca fina La estampida 1 Aceitunas rellenas Carbonell 1 Pat\u00e9 gourmet 1 Pistachos Wonderful 1 Ate de guayaba 1 Canasta bellamente decorada 1 Mo\u00f1o de tela 1 Tarjeta con breve mensaje de texto personalizado ***El contenedor puede variar seg\u00fan existencia En caso de no encontrarse [&hellip;]\" \/>\n<meta property=\"og:url\" content=\"https:\/\/labellacanasta.com\/?product=whisky-buchannas-12-anos-y-producto-gourmet-bc118\" \/>\n<meta property=\"og:site_name\" content=\"La Bella Canasta\" \/>\n<meta property=\"article:publisher\" content=\"https:\/\/www.facebook.com\/Labellacanasta\" \/>\n<meta property=\"article:modified_time\" content=\"2025-01-21T17:42:58+00:00\" \/>\n<meta property=\"og:image\" content=\"https:\/\/labellacanasta.com\/wp-content\/uploads\/2022\/02\/Producto-118-1.jpg\" \/>\n\t<meta property=\"og:image:width\" content=\"1080\" \/>\n\t<meta property=\"og:image:height\" content=\"1080\" \/>\n\t<meta property=\"og:image:type\" content=\"image\/jpeg\" \/>\n<meta name=\"twitter:card\" content=\"summary_large_image\" \/>\n<script type=\"application\/ld+json\" class=\"yoast-schema-graph\">{\"@context\":\"https:\/\/schema.org\",\"@graph\":[{\"@type\":\"WebPage\",\"@id\":\"https:\/\/labellacanasta.com\/?product=whisky-buchannas-12-anos-y-producto-gourmet-bc118\",\"url\":\"https:\/\/labellacanasta.com\/?product=whisky-buchannas-12-anos-y-producto-gourmet-bc118\",\"name\":\"Whisky Buchannas 12 a\u00f1os y producto gourmet - BC118 - La Bella Canasta\",\"isPartOf\":{\"@id\":\"https:\/\/labellacanasta.com\/#website\"},\"primaryImageOfPage\":{\"@id\":\"https:\/\/labellacanasta.com\/?product=whisky-buchannas-12-anos-y-producto-gourmet-bc118#primaryimage\"},\"image\":{\"@id\":\"https:\/\/labellacanasta.com\/?product=whisky-buchannas-12-anos-y-producto-gourmet-bc118#primaryimage\"},\"thumbnailUrl\":\"https:\/\/labellacanasta.com\/wp-content\/uploads\/2022\/02\/Producto-118-1.jpg\",\"datePublished\":\"2022-02-10T22:51:01+00:00\",\"dateModified\":\"2025-01-21T17:42:58+00:00\",\"breadcrumb\":{\"@id\":\"https:\/\/labellacanasta.com\/?product=whisky-buchannas-12-anos-y-producto-gourmet-bc118#breadcrumb\"},\"inLanguage\":\"es\",\"potentialAction\":[{\"@type\":\"ReadAction\",\"target\":[\"https:\/\/labellacanasta.com\/?product=whisky-buchannas-12-anos-y-producto-gourmet-bc118\"]}]},{\"@type\":\"ImageObject\",\"inLanguage\":\"es\",\"@id\":\"https:\/\/labellacanasta.com\/?product=whisky-buchannas-12-anos-y-producto-gourmet-bc118#primaryimage\",\"url\":\"https:\/\/labellacanasta.com\/wp-content\/uploads\/2022\/02\/Producto-118-1.jpg\",\"contentUrl\":\"https:\/\/labellacanasta.com\/wp-content\/uploads\/2022\/02\/Producto-118-1.jpg\",\"width\":1080,\"height\":1080,\"caption\":\"buchannas con producto gourmet\"},{\"@type\":\"BreadcrumbList\",\"@id\":\"https:\/\/labellacanasta.com\/?product=whisky-buchannas-12-anos-y-producto-gourmet-bc118#breadcrumb\",\"itemListElement\":[{\"@type\":\"ListItem\",\"position\":1,\"name\":\"Portada\",\"item\":\"https:\/\/labellacanasta.com\/\"},{\"@type\":\"ListItem\",\"position\":2,\"name\":\"Tienda\",\"item\":\"https:\/\/labellacanasta.com\/?page_id=11\"},{\"@type\":\"ListItem\",\"position\":3,\"name\":\"Whisky Buchannas 12 a\u00f1os y producto gourmet &#8211; BC118\"}]},{\"@type\":\"WebSite\",\"@id\":\"https:\/\/labellacanasta.com\/#website\",\"url\":\"https:\/\/labellacanasta.com\/\",\"name\":\"La Bella Canasta\",\"description\":\"Lo Mejor del Mundo en una Canasta\",\"publisher\":{\"@id\":\"https:\/\/labellacanasta.com\/#organization\"},\"potentialAction\":[{\"@type\":\"SearchAction\",\"target\":{\"@type\":\"EntryPoint\",\"urlTemplate\":\"https:\/\/labellacanasta.com\/?s={search_term_string}\"},\"query-input\":{\"@type\":\"PropertyValueSpecification\",\"valueRequired\":true,\"valueName\":\"search_term_string\"}}],\"inLanguage\":\"es\"},{\"@type\":\"Organization\",\"@id\":\"https:\/\/labellacanasta.com\/#organization\",\"name\":\"La Bella Canasta\",\"url\":\"https:\/\/labellacanasta.com\/\",\"logo\":{\"@type\":\"ImageObject\",\"inLanguage\":\"es\",\"@id\":\"https:\/\/labellacanasta.com\/#\/schema\/logo\/image\/\",\"url\":\"https:\/\/labellacanasta.com\/wp-content\/uploads\/2021\/01\/logo380.png\",\"contentUrl\":\"https:\/\/labellacanasta.com\/wp-content\/uploads\/2021\/01\/logo380.png\",\"width\":380,\"height\":133,\"caption\":\"La Bella Canasta\"},\"image\":{\"@id\":\"https:\/\/labellacanasta.com\/#\/schema\/logo\/image\/\"},\"sameAs\":[\"https:\/\/www.facebook.com\/Labellacanasta\",\"https:\/\/www.instagram.com\/bellacanasta\/\",\"https:\/\/www.linkedin.com\/company\/10255860\/admin\/\"]}]}<\/script>\n<!-- \/ Yoast SEO plugin. -->","yoast_head_json":{"title":"Whisky Buchannas 12 a\u00f1os y producto gourmet - BC118 - La Bella Canasta","robots":{"index":"index","follow":"follow","max-snippet":"max-snippet:-1","max-image-preview":"max-image-preview:large","max-video-preview":"max-video-preview:-1"},"canonical":"https:\/\/labellacanasta.com\/?product=whisky-buchannas-12-anos-y-producto-gourmet-bc118","og_locale":"es_ES","og_type":"article","og_title":"Whisky Buchannas 12 a\u00f1os y producto gourmet - BC118 - La Bella Canasta","og_description":"Incluye: 1 Whisky Buchannas 12 a\u00f1os 750 ml 1 Carne seca fina La estampida 1 Aceitunas rellenas Carbonell 1 Pat\u00e9 gourmet 1 Pistachos Wonderful 1 Ate de guayaba 1 Canasta bellamente decorada 1 Mo\u00f1o de tela 1 Tarjeta con breve mensaje de texto personalizado ***El contenedor puede variar seg\u00fan existencia En caso de no encontrarse [&hellip;]","og_url":"https:\/\/labellacanasta.com\/?product=whisky-buchannas-12-anos-y-producto-gourmet-bc118","og_site_name":"La Bella Canasta","article_publisher":"https:\/\/www.facebook.com\/Labellacanasta","article_modified_time":"2025-01-21T17:42:58+00:00","og_image":[{"width":1080,"height":1080,"url":"https:\/\/labellacanasta.com\/wp-content\/uploads\/2022\/02\/Producto-118-1.jpg","type":"image\/jpeg"}],"twitter_card":"summary_large_image","schema":{"@context":"https:\/\/schema.org","@graph":[{"@type":"WebPage","@id":"https:\/\/labellacanasta.com\/?product=whisky-buchannas-12-anos-y-producto-gourmet-bc118","url":"https:\/\/labellacanasta.com\/?product=whisky-buchannas-12-anos-y-producto-gourmet-bc118","name":"Whisky Buchannas 12 a\u00f1os y producto gourmet - BC118 - La Bella Canasta","isPartOf":{"@id":"https:\/\/labellacanasta.com\/#website"},"primaryImageOfPage":{"@id":"https:\/\/labellacanasta.com\/?product=whisky-buchannas-12-anos-y-producto-gourmet-bc118#primaryimage"},"image":{"@id":"https:\/\/labellacanasta.com\/?product=whisky-buchannas-12-anos-y-producto-gourmet-bc118#primaryimage"},"thumbnailUrl":"https:\/\/labellacanasta.com\/wp-content\/uploads\/2022\/02\/Producto-118-1.jpg","datePublished":"2022-02-10T22:51:01+00:00","dateModified":"2025-01-21T17:42:58+00:00","breadcrumb":{"@id":"https:\/\/labellacanasta.com\/?product=whisky-buchannas-12-anos-y-producto-gourmet-bc118#breadcrumb"},"inLanguage":"es","potentialAction":[{"@type":"ReadAction","target":["https:\/\/labellacanasta.com\/?product=whisky-buchannas-12-anos-y-producto-gourmet-bc118"]}]},{"@type":"ImageObject","inLanguage":"es","@id":"https:\/\/labellacanasta.com\/?product=whisky-buchannas-12-anos-y-producto-gourmet-bc118#primaryimage","url":"https:\/\/labellacanasta.com\/wp-content\/uploads\/2022\/02\/Producto-118-1.jpg","contentUrl":"https:\/\/labellacanasta.com\/wp-content\/uploads\/2022\/02\/Producto-118-1.jpg","width":1080,"height":1080,"caption":"buchannas con producto gourmet"},{"@type":"BreadcrumbList","@id":"https:\/\/labellacanasta.com\/?product=whisky-buchannas-12-anos-y-producto-gourmet-bc118#breadcrumb","itemListElement":[{"@type":"ListItem","position":1,"name":"Portada","item":"https:\/\/labellacanasta.com\/"},{"@type":"ListItem","position":2,"name":"Tienda","item":"https:\/\/labellacanasta.com\/?page_id=11"},{"@type":"ListItem","position":3,"name":"Whisky Buchannas 12 a\u00f1os y producto gourmet &#8211; BC118"}]},{"@type":"WebSite","@id":"https:\/\/labellacanasta.com\/#website","url":"https:\/\/labellacanasta.com\/","name":"La Bella Canasta","description":"Lo Mejor del Mundo en una Canasta","publisher":{"@id":"https:\/\/labellacanasta.com\/#organization"},"potentialAction":[{"@type":"SearchAction","target":{"@type":"EntryPoint","urlTemplate":"https:\/\/labellacanasta.com\/?s={search_term_string}"},"query-input":{"@type":"PropertyValueSpecification","valueRequired":true,"valueName":"search_term_string"}}],"inLanguage":"es"},{"@type":"Organization","@id":"https:\/\/labellacanasta.com\/#organization","name":"La Bella Canasta","url":"https:\/\/labellacanasta.com\/","logo":{"@type":"ImageObject","inLanguage":"es","@id":"https:\/\/labellacanasta.com\/#\/schema\/logo\/image\/","url":"https:\/\/labellacanasta.com\/wp-content\/uploads\/2021\/01\/logo380.png","contentUrl":"https:\/\/labellacanasta.com\/wp-content\/uploads\/2021\/01\/logo380.png","width":380,"height":133,"caption":"La Bella Canasta"},"image":{"@id":"https:\/\/labellacanasta.com\/#\/schema\/logo\/image\/"},"sameAs":["https:\/\/www.facebook.com\/Labellacanasta","https:\/\/www.instagram.com\/bellacanasta\/","https:\/\/www.linkedin.com\/company\/10255860\/admin\/"]}]}},"amp_enabled":true,"_links":{"self":[{"href":"https:\/\/labellacanasta.com\/index.php?rest_route=\/wp\/v2\/product\/3771","targetHints":{"allow":["GET"]}}],"collection":[{"href":"https:\/\/labellacanasta.com\/index.php?rest_route=\/wp\/v2\/product"}],"about":[{"href":"https:\/\/labellacanasta.com\/index.php?rest_route=\/wp\/v2\/types\/product"}],"wp:featuredmedia":[{"embeddable":true,"href":"https:\/\/labellacanasta.com\/index.php?rest_route=\/wp\/v2\/media\/3773"}],"wp:attachment":[{"href":"https:\/\/labellacanasta.com\/index.php?rest_route=%2Fwp%2Fv2%2Fmedia&parent=3771"}],"wp:term":[{"taxonomy":"product_brand","embeddable":true,"href":"https:\/\/labellacanasta.com\/index.php?rest_route=%2Fwp%2Fv2%2Fproduct_brand&post=3771"},{"taxonomy":"product_cat","embeddable":true,"href":"https:\/\/labellacanasta.com\/index.php?rest_route=%2Fwp%2Fv2%2Fproduct_cat&post=3771"},{"taxonomy":"product_tag","embeddable":true,"href":"https:\/\/labellacanasta.com\/index.php?rest_route=%2Fwp%2Fv2%2Fproduct_tag&post=3771"}],"curies":[{"name":"wp","href":"https:\/\/api.w.org\/{rel}","templated":true}]}}