{"id":3690,"date":"2022-02-04T11:25:03","date_gmt":"2022-02-04T17:25:03","guid":{"rendered":"https:\/\/labellacanasta.com\/?post_type=product&#038;p=3690"},"modified":"2025-01-22T11:44:39","modified_gmt":"2025-01-22T17:44:39","slug":"beringer-white-zinfandel-con-chocolates-finos-be58","status":"publish","type":"product","link":"https:\/\/labellacanasta.com\/?product=beringer-white-zinfandel-con-chocolates-finos-be58","title":{"rendered":"Beringer White Zinfandel con chocolates finos &#8211; BE58"},"content":{"rendered":"<p><strong>Incluye:<\/strong><\/p>\n<p>1 Vino rosado Beringer White Zinfandel 750 ml<br \/>\n1 Chocolates Rafaello rellenos de almendras y coco<br \/>\n1 Chocolate Lindt Lindor<br \/>\n1 Chocolates Ferrero Rocher<br \/>\n1 Canasta bellamente decorada<br \/>\n1 Elegante mo\u00f1o de tela<br \/>\n1 Tarjeta con breve mensaje de texto personalizado<\/p>\n<p><em>***El contenedor puede variar seg\u00fan existencia<br \/>\n<\/em>En caso de no encontrarse alg\u00fan producto arriba descrito, se sustituir\u00e1 por otro de igual o mayor valor.<\/p>\n","protected":false},"excerpt":{"rendered":"<p>Incluye: 1 Vino rosado Beringer White Zinfandel 750 ml 1 Chocolates Rafaello rellenos de almendras y coco 1 Chocolate Lindt Lindor 1 Chocolates Ferrero Rocher 1 Canasta bellamente decorada 1 Elegante mo\u00f1o de tela 1 Tarjeta con breve mensaje de texto personalizado ***El contenedor puede variar seg\u00fan existencia En caso de no encontrarse alg\u00fan producto [&hellip;]<\/p>\n","protected":false},"featured_media":3692,"template":"","meta":[],"product_brand":[],"product_cat":[48,42,30,46,45],"product_tag":[],"class_list":{"0":"post-3690","1":"product","2":"type-product","3":"status-publish","4":"has-post-thumbnail","6":"product_cat-ano-nuevo","7":"product_cat-cumpleanos","8":"product_cat-dia-del-amor","9":"product_cat-gracias","10":"product_cat-mejorate-pronto","12":"first","13":"instock","14":"taxable","15":"shipping-taxable","16":"purchasable","17":"product-type-simple"},"yoast_head":"<!-- This site is optimized with the Yoast SEO plugin v25.5 - https:\/\/yoast.com\/wordpress\/plugins\/seo\/ -->\n<title>Beringer White Zinfandel con chocolates finos - BE58 - La Bella Canasta<\/title>\n<meta name=\"robots\" content=\"index, follow, max-snippet:-1, max-image-preview:large, max-video-preview:-1\" \/>\n<link rel=\"canonical\" href=\"https:\/\/labellacanasta.com\/?product=beringer-white-zinfandel-con-chocolates-finos-be58\" \/>\n<meta property=\"og:locale\" content=\"es_ES\" \/>\n<meta property=\"og:type\" content=\"article\" \/>\n<meta property=\"og:title\" content=\"Beringer White Zinfandel con chocolates finos - BE58 - La Bella Canasta\" \/>\n<meta property=\"og:description\" content=\"Incluye: 1 Vino rosado Beringer White Zinfandel 750 ml 1 Chocolates Rafaello rellenos de almendras y coco 1 Chocolate Lindt Lindor 1 Chocolates Ferrero Rocher 1 Canasta bellamente decorada 1 Elegante mo\u00f1o de tela 1 Tarjeta con breve mensaje de texto personalizado ***El contenedor puede variar seg\u00fan existencia En caso de no encontrarse alg\u00fan producto [&hellip;]\" \/>\n<meta property=\"og:url\" content=\"https:\/\/labellacanasta.com\/?product=beringer-white-zinfandel-con-chocolates-finos-be58\" \/>\n<meta property=\"og:site_name\" content=\"La Bella Canasta\" \/>\n<meta property=\"article:publisher\" content=\"https:\/\/www.facebook.com\/Labellacanasta\" \/>\n<meta property=\"article:modified_time\" content=\"2025-01-22T17:44:39+00:00\" \/>\n<meta property=\"og:image\" content=\"https:\/\/labellacanasta.com\/wp-content\/uploads\/2022\/02\/Producto-58.jpg\" \/>\n\t<meta property=\"og:image:width\" content=\"1080\" \/>\n\t<meta property=\"og:image:height\" content=\"1080\" \/>\n\t<meta property=\"og:image:type\" content=\"image\/jpeg\" \/>\n<meta name=\"twitter:card\" content=\"summary_large_image\" \/>\n<meta name=\"twitter:label1\" content=\"Tiempo de lectura\" \/>\n\t<meta name=\"twitter:data1\" content=\"1 minuto\" \/>\n<script type=\"application\/ld+json\" class=\"yoast-schema-graph\">{\"@context\":\"https:\/\/schema.org\",\"@graph\":[{\"@type\":\"WebPage\",\"@id\":\"https:\/\/labellacanasta.com\/?product=beringer-white-zinfandel-con-chocolates-finos-be58\",\"url\":\"https:\/\/labellacanasta.com\/?product=beringer-white-zinfandel-con-chocolates-finos-be58\",\"name\":\"Beringer White Zinfandel con chocolates finos - BE58 - La Bella Canasta\",\"isPartOf\":{\"@id\":\"https:\/\/labellacanasta.com\/#website\"},\"primaryImageOfPage\":{\"@id\":\"https:\/\/labellacanasta.com\/?product=beringer-white-zinfandel-con-chocolates-finos-be58#primaryimage\"},\"image\":{\"@id\":\"https:\/\/labellacanasta.com\/?product=beringer-white-zinfandel-con-chocolates-finos-be58#primaryimage\"},\"thumbnailUrl\":\"https:\/\/labellacanasta.com\/wp-content\/uploads\/2022\/02\/Producto-58.jpg\",\"datePublished\":\"2022-02-04T17:25:03+00:00\",\"dateModified\":\"2025-01-22T17:44:39+00:00\",\"breadcrumb\":{\"@id\":\"https:\/\/labellacanasta.com\/?product=beringer-white-zinfandel-con-chocolates-finos-be58#breadcrumb\"},\"inLanguage\":\"es\",\"potentialAction\":[{\"@type\":\"ReadAction\",\"target\":[\"https:\/\/labellacanasta.com\/?product=beringer-white-zinfandel-con-chocolates-finos-be58\"]}]},{\"@type\":\"ImageObject\",\"inLanguage\":\"es\",\"@id\":\"https:\/\/labellacanasta.com\/?product=beringer-white-zinfandel-con-chocolates-finos-be58#primaryimage\",\"url\":\"https:\/\/labellacanasta.com\/wp-content\/uploads\/2022\/02\/Producto-58.jpg\",\"contentUrl\":\"https:\/\/labellacanasta.com\/wp-content\/uploads\/2022\/02\/Producto-58.jpg\",\"width\":1080,\"height\":1080,\"caption\":\"beringer gourmet\"},{\"@type\":\"BreadcrumbList\",\"@id\":\"https:\/\/labellacanasta.com\/?product=beringer-white-zinfandel-con-chocolates-finos-be58#breadcrumb\",\"itemListElement\":[{\"@type\":\"ListItem\",\"position\":1,\"name\":\"Portada\",\"item\":\"https:\/\/labellacanasta.com\/\"},{\"@type\":\"ListItem\",\"position\":2,\"name\":\"Tienda\",\"item\":\"https:\/\/labellacanasta.com\/?page_id=11\"},{\"@type\":\"ListItem\",\"position\":3,\"name\":\"Beringer White Zinfandel con chocolates finos &#8211; BE58\"}]},{\"@type\":\"WebSite\",\"@id\":\"https:\/\/labellacanasta.com\/#website\",\"url\":\"https:\/\/labellacanasta.com\/\",\"name\":\"La Bella Canasta\",\"description\":\"Lo Mejor del Mundo en una Canasta\",\"publisher\":{\"@id\":\"https:\/\/labellacanasta.com\/#organization\"},\"potentialAction\":[{\"@type\":\"SearchAction\",\"target\":{\"@type\":\"EntryPoint\",\"urlTemplate\":\"https:\/\/labellacanasta.com\/?s={search_term_string}\"},\"query-input\":{\"@type\":\"PropertyValueSpecification\",\"valueRequired\":true,\"valueName\":\"search_term_string\"}}],\"inLanguage\":\"es\"},{\"@type\":\"Organization\",\"@id\":\"https:\/\/labellacanasta.com\/#organization\",\"name\":\"La Bella Canasta\",\"url\":\"https:\/\/labellacanasta.com\/\",\"logo\":{\"@type\":\"ImageObject\",\"inLanguage\":\"es\",\"@id\":\"https:\/\/labellacanasta.com\/#\/schema\/logo\/image\/\",\"url\":\"https:\/\/labellacanasta.com\/wp-content\/uploads\/2021\/01\/logo380.png\",\"contentUrl\":\"https:\/\/labellacanasta.com\/wp-content\/uploads\/2021\/01\/logo380.png\",\"width\":380,\"height\":133,\"caption\":\"La Bella Canasta\"},\"image\":{\"@id\":\"https:\/\/labellacanasta.com\/#\/schema\/logo\/image\/\"},\"sameAs\":[\"https:\/\/www.facebook.com\/Labellacanasta\",\"https:\/\/www.instagram.com\/bellacanasta\/\",\"https:\/\/www.linkedin.com\/company\/10255860\/admin\/\"]}]}<\/script>\n<!-- \/ Yoast SEO plugin. -->","yoast_head_json":{"title":"Beringer White Zinfandel con chocolates finos - BE58 - La Bella Canasta","robots":{"index":"index","follow":"follow","max-snippet":"max-snippet:-1","max-image-preview":"max-image-preview:large","max-video-preview":"max-video-preview:-1"},"canonical":"https:\/\/labellacanasta.com\/?product=beringer-white-zinfandel-con-chocolates-finos-be58","og_locale":"es_ES","og_type":"article","og_title":"Beringer White Zinfandel con chocolates finos - BE58 - La Bella Canasta","og_description":"Incluye: 1 Vino rosado Beringer White Zinfandel 750 ml 1 Chocolates Rafaello rellenos de almendras y coco 1 Chocolate Lindt Lindor 1 Chocolates Ferrero Rocher 1 Canasta bellamente decorada 1 Elegante mo\u00f1o de tela 1 Tarjeta con breve mensaje de texto personalizado ***El contenedor puede variar seg\u00fan existencia En caso de no encontrarse alg\u00fan producto [&hellip;]","og_url":"https:\/\/labellacanasta.com\/?product=beringer-white-zinfandel-con-chocolates-finos-be58","og_site_name":"La Bella Canasta","article_publisher":"https:\/\/www.facebook.com\/Labellacanasta","article_modified_time":"2025-01-22T17:44:39+00:00","og_image":[{"width":1080,"height":1080,"url":"https:\/\/labellacanasta.com\/wp-content\/uploads\/2022\/02\/Producto-58.jpg","type":"image\/jpeg"}],"twitter_card":"summary_large_image","twitter_misc":{"Tiempo de lectura":"1 minuto"},"schema":{"@context":"https:\/\/schema.org","@graph":[{"@type":"WebPage","@id":"https:\/\/labellacanasta.com\/?product=beringer-white-zinfandel-con-chocolates-finos-be58","url":"https:\/\/labellacanasta.com\/?product=beringer-white-zinfandel-con-chocolates-finos-be58","name":"Beringer White Zinfandel con chocolates finos - BE58 - La Bella Canasta","isPartOf":{"@id":"https:\/\/labellacanasta.com\/#website"},"primaryImageOfPage":{"@id":"https:\/\/labellacanasta.com\/?product=beringer-white-zinfandel-con-chocolates-finos-be58#primaryimage"},"image":{"@id":"https:\/\/labellacanasta.com\/?product=beringer-white-zinfandel-con-chocolates-finos-be58#primaryimage"},"thumbnailUrl":"https:\/\/labellacanasta.com\/wp-content\/uploads\/2022\/02\/Producto-58.jpg","datePublished":"2022-02-04T17:25:03+00:00","dateModified":"2025-01-22T17:44:39+00:00","breadcrumb":{"@id":"https:\/\/labellacanasta.com\/?product=beringer-white-zinfandel-con-chocolates-finos-be58#breadcrumb"},"inLanguage":"es","potentialAction":[{"@type":"ReadAction","target":["https:\/\/labellacanasta.com\/?product=beringer-white-zinfandel-con-chocolates-finos-be58"]}]},{"@type":"ImageObject","inLanguage":"es","@id":"https:\/\/labellacanasta.com\/?product=beringer-white-zinfandel-con-chocolates-finos-be58#primaryimage","url":"https:\/\/labellacanasta.com\/wp-content\/uploads\/2022\/02\/Producto-58.jpg","contentUrl":"https:\/\/labellacanasta.com\/wp-content\/uploads\/2022\/02\/Producto-58.jpg","width":1080,"height":1080,"caption":"beringer gourmet"},{"@type":"BreadcrumbList","@id":"https:\/\/labellacanasta.com\/?product=beringer-white-zinfandel-con-chocolates-finos-be58#breadcrumb","itemListElement":[{"@type":"ListItem","position":1,"name":"Portada","item":"https:\/\/labellacanasta.com\/"},{"@type":"ListItem","position":2,"name":"Tienda","item":"https:\/\/labellacanasta.com\/?page_id=11"},{"@type":"ListItem","position":3,"name":"Beringer White Zinfandel con chocolates finos &#8211; BE58"}]},{"@type":"WebSite","@id":"https:\/\/labellacanasta.com\/#website","url":"https:\/\/labellacanasta.com\/","name":"La Bella Canasta","description":"Lo Mejor del Mundo en una Canasta","publisher":{"@id":"https:\/\/labellacanasta.com\/#organization"},"potentialAction":[{"@type":"SearchAction","target":{"@type":"EntryPoint","urlTemplate":"https:\/\/labellacanasta.com\/?s={search_term_string}"},"query-input":{"@type":"PropertyValueSpecification","valueRequired":true,"valueName":"search_term_string"}}],"inLanguage":"es"},{"@type":"Organization","@id":"https:\/\/labellacanasta.com\/#organization","name":"La Bella Canasta","url":"https:\/\/labellacanasta.com\/","logo":{"@type":"ImageObject","inLanguage":"es","@id":"https:\/\/labellacanasta.com\/#\/schema\/logo\/image\/","url":"https:\/\/labellacanasta.com\/wp-content\/uploads\/2021\/01\/logo380.png","contentUrl":"https:\/\/labellacanasta.com\/wp-content\/uploads\/2021\/01\/logo380.png","width":380,"height":133,"caption":"La Bella Canasta"},"image":{"@id":"https:\/\/labellacanasta.com\/#\/schema\/logo\/image\/"},"sameAs":["https:\/\/www.facebook.com\/Labellacanasta","https:\/\/www.instagram.com\/bellacanasta\/","https:\/\/www.linkedin.com\/company\/10255860\/admin\/"]}]}},"amp_enabled":true,"_links":{"self":[{"href":"https:\/\/labellacanasta.com\/index.php?rest_route=\/wp\/v2\/product\/3690","targetHints":{"allow":["GET"]}}],"collection":[{"href":"https:\/\/labellacanasta.com\/index.php?rest_route=\/wp\/v2\/product"}],"about":[{"href":"https:\/\/labellacanasta.com\/index.php?rest_route=\/wp\/v2\/types\/product"}],"wp:featuredmedia":[{"embeddable":true,"href":"https:\/\/labellacanasta.com\/index.php?rest_route=\/wp\/v2\/media\/3692"}],"wp:attachment":[{"href":"https:\/\/labellacanasta.com\/index.php?rest_route=%2Fwp%2Fv2%2Fmedia&parent=3690"}],"wp:term":[{"taxonomy":"product_brand","embeddable":true,"href":"https:\/\/labellacanasta.com\/index.php?rest_route=%2Fwp%2Fv2%2Fproduct_brand&post=3690"},{"taxonomy":"product_cat","embeddable":true,"href":"https:\/\/labellacanasta.com\/index.php?rest_route=%2Fwp%2Fv2%2Fproduct_cat&post=3690"},{"taxonomy":"product_tag","embeddable":true,"href":"https:\/\/labellacanasta.com\/index.php?rest_route=%2Fwp%2Fv2%2Fproduct_tag&post=3690"}],"curies":[{"name":"wp","href":"https:\/\/api.w.org\/{rel}","templated":true}]}}