{"id":3,"date":"2021-01-15T18:14:07","date_gmt":"2021-01-15T18:14:07","guid":{"rendered":"https:\/\/labellacanasta.com\/?page_id=3"},"modified":"2021-03-08T13:30:10","modified_gmt":"2021-03-08T19:30:10","slug":"privacy-policy","status":"publish","type":"page","link":"https:\/\/labellacanasta.com\/?page_id=3","title":{"rendered":"Pol\u00edtica de privacidad"},"content":{"rendered":"<div class=\"wpb-content-wrapper\"><p>[vc_row][vc_column][vc_column_text]<\/p>\r\n<h2 class=\"wp-block-heading\"><strong>AVISO DE PRIVACIDAD<\/strong><\/h2>\r\n<p>En atenci\u00f3n a la Ley Federal de Protecci\u00f3n de Datos Personales en Posesi\u00f3n de Particulares, la empresa: La Bella Canasta con domicilio en Texcoco 640, Col. Chapultepec, San Nicol\u00e1s de los Garza, Nuevo Le\u00f3n C.P. 64240, hacemos de su conocimiento lo siguiente:<\/p>\r\n<p>Sus datos personales ser\u00e1n utilizados para las siguientes finalidades:<\/p>\r\n\r\n<ul>\r\n<li>Realizar las acciones de promoci\u00f3n y venta de nuestros productos<\/li>\r\n<li>Dejar mensajes o informaci\u00f3n para que usted<\/li>\r\n<li>Identificar la persona objeto de nuestra actividad<\/li>\r\n<li>Env\u00edo de informaci\u00f3n solicitada de Usted o hacia nosotros<\/li>\r\n<li>Hacer consultas, investigaciones y revisiones en relaci\u00f3n a sus solicitudes de pago, quejas o reclamaciones<\/li>\r\n<li>Consultar sus datos personales con las personas que Usted haya indicado como referencia y que haga constar en los expedientes objeto de nuestra actividad.<\/li>\r\n<li>Venta de cualquier tipo de productos o servicios por tel\u00e9fono, calle o exhibici\u00f3n.<\/li>\r\n<li>Verificar su arraigo de domicilio o laboral para hacer constancia de la validez de datos, en las solicitudes de cr\u00e9ditos o servicios que Usted este tramitando.<\/li>\r\n<li>En general, celebrar los actos, convenios y contratos que se requieran para el cumplimiento y realizaci\u00f3n de los objetos anteriormente mencionados y los que sean anexos o conexos de los mismos.<\/li>\r\n<\/ul>\r\n<p>La finalidad del tratamiento de sus datos es \u00fanica y exclusivamente para contactarle v\u00eda email y\/o telef\u00f3nica para brindarle la asesor\u00eda que necesita sobre nuestros servicios.<\/p>\r\n<p>Los datos recopilados en esta p\u00e1gina est\u00e1n protegidos conforme a los art\u00edculos 15 y 16 de la Ley Federal de Protecci\u00f3n de Datos Personales en Posesi\u00f3n de los Particulares.<\/p>\r\n<p>[\/vc_column_text][\/vc_column][\/vc_row]<\/p><\/div>","protected":false},"excerpt":{"rendered":"<p>[vc_row][vc_column][vc_column_text] AVISO DE PRIVACIDAD En atenci\u00f3n a la Ley Federal de Protecci\u00f3n de Datos Personales en Posesi\u00f3n de Particulares, la empresa: La Bella Canasta con domicilio en Texcoco 640, Col. Chapultepec, San Nicol\u00e1s de los Garza, Nuevo Le\u00f3n C.P. 64240, hacemos de su conocimiento lo siguiente: Sus datos personales ser\u00e1n utilizados para las siguientes finalidades: [&hellip;]<\/p>\n","protected":false},"author":1,"featured_media":0,"parent":0,"menu_order":0,"comment_status":"closed","ping_status":"open","template":"","meta":{"footnotes":""},"class_list":["post-3","page","type-page","status-publish","hentry"],"yoast_head":"<!-- This site is optimized with the Yoast SEO plugin v25.5 - https:\/\/yoast.com\/wordpress\/plugins\/seo\/ -->\n<title>Pol\u00edtica de privacidad -Canastas Navide\u00f1as<\/title>\n<meta name=\"description\" content=\"AVISO DE PRIVACIDAD En atenci\u00f3n a la Ley Federal de Protecci\u00f3n de Datos Personales en Posesi\u00f3n de Particulares, la empresa: La Bella Canasta con domicilio\" \/>\n<meta name=\"robots\" content=\"index, follow, max-snippet:-1, max-image-preview:large, max-video-preview:-1\" \/>\n<link rel=\"canonical\" href=\"https:\/\/labellacanasta.com\/?page_id=3\" \/>\n<meta property=\"og:locale\" content=\"es_ES\" \/>\n<meta property=\"og:type\" content=\"article\" \/>\n<meta property=\"og:title\" content=\"Pol\u00edtica de privacidad -Canastas Navide\u00f1as\" \/>\n<meta property=\"og:description\" content=\"AVISO DE PRIVACIDAD En atenci\u00f3n a la Ley Federal de Protecci\u00f3n de Datos Personales en Posesi\u00f3n de Particulares, la empresa: La Bella Canasta con domicilio\" \/>\n<meta property=\"og:url\" content=\"https:\/\/labellacanasta.com\/?page_id=3\" \/>\n<meta property=\"og:site_name\" content=\"La Bella Canasta\" \/>\n<meta property=\"article:publisher\" content=\"https:\/\/www.facebook.com\/Labellacanasta\" \/>\n<meta property=\"article:modified_time\" content=\"2021-03-08T19:30:10+00:00\" \/>\n<meta name=\"twitter:card\" content=\"summary_large_image\" \/>\n<meta name=\"twitter:label1\" content=\"Tiempo de lectura\" \/>\n\t<meta name=\"twitter:data1\" content=\"1 minuto\" \/>\n<script type=\"application\/ld+json\" class=\"yoast-schema-graph\">{\"@context\":\"https:\/\/schema.org\",\"@graph\":[{\"@type\":\"WebPage\",\"@id\":\"https:\/\/labellacanasta.com\/?page_id=3\",\"url\":\"https:\/\/labellacanasta.com\/?page_id=3\",\"name\":\"Pol\u00edtica de privacidad -Canastas Navide\u00f1as\",\"isPartOf\":{\"@id\":\"https:\/\/labellacanasta.com\/#website\"},\"datePublished\":\"2021-01-15T18:14:07+00:00\",\"dateModified\":\"2021-03-08T19:30:10+00:00\",\"description\":\"AVISO DE PRIVACIDAD En atenci\u00f3n a la Ley Federal de Protecci\u00f3n de Datos Personales en Posesi\u00f3n de Particulares, la empresa: La Bella Canasta con domicilio\",\"breadcrumb\":{\"@id\":\"https:\/\/labellacanasta.com\/?page_id=3#breadcrumb\"},\"inLanguage\":\"es\",\"potentialAction\":[{\"@type\":\"ReadAction\",\"target\":[\"https:\/\/labellacanasta.com\/?page_id=3\"]}]},{\"@type\":\"BreadcrumbList\",\"@id\":\"https:\/\/labellacanasta.com\/?page_id=3#breadcrumb\",\"itemListElement\":[{\"@type\":\"ListItem\",\"position\":1,\"name\":\"Portada\",\"item\":\"https:\/\/labellacanasta.com\/\"},{\"@type\":\"ListItem\",\"position\":2,\"name\":\"Pol\u00edtica de privacidad\"}]},{\"@type\":\"WebSite\",\"@id\":\"https:\/\/labellacanasta.com\/#website\",\"url\":\"https:\/\/labellacanasta.com\/\",\"name\":\"La Bella Canasta\",\"description\":\"Lo Mejor del Mundo en una Canasta\",\"publisher\":{\"@id\":\"https:\/\/labellacanasta.com\/#organization\"},\"potentialAction\":[{\"@type\":\"SearchAction\",\"target\":{\"@type\":\"EntryPoint\",\"urlTemplate\":\"https:\/\/labellacanasta.com\/?s={search_term_string}\"},\"query-input\":{\"@type\":\"PropertyValueSpecification\",\"valueRequired\":true,\"valueName\":\"search_term_string\"}}],\"inLanguage\":\"es\"},{\"@type\":\"Organization\",\"@id\":\"https:\/\/labellacanasta.com\/#organization\",\"name\":\"La Bella Canasta\",\"url\":\"https:\/\/labellacanasta.com\/\",\"logo\":{\"@type\":\"ImageObject\",\"inLanguage\":\"es\",\"@id\":\"https:\/\/labellacanasta.com\/#\/schema\/logo\/image\/\",\"url\":\"https:\/\/labellacanasta.com\/wp-content\/uploads\/2021\/01\/logo380.png\",\"contentUrl\":\"https:\/\/labellacanasta.com\/wp-content\/uploads\/2021\/01\/logo380.png\",\"width\":380,\"height\":133,\"caption\":\"La Bella Canasta\"},\"image\":{\"@id\":\"https:\/\/labellacanasta.com\/#\/schema\/logo\/image\/\"},\"sameAs\":[\"https:\/\/www.facebook.com\/Labellacanasta\",\"https:\/\/www.instagram.com\/bellacanasta\/\",\"https:\/\/www.linkedin.com\/company\/10255860\/admin\/\"]}]}<\/script>\n<!-- \/ Yoast SEO plugin. -->","yoast_head_json":{"title":"Pol\u00edtica de privacidad -Canastas Navide\u00f1as","description":"AVISO DE PRIVACIDAD En atenci\u00f3n a la Ley Federal de Protecci\u00f3n de Datos Personales en Posesi\u00f3n de Particulares, la empresa: La Bella Canasta con domicilio","robots":{"index":"index","follow":"follow","max-snippet":"max-snippet:-1","max-image-preview":"max-image-preview:large","max-video-preview":"max-video-preview:-1"},"canonical":"https:\/\/labellacanasta.com\/?page_id=3","og_locale":"es_ES","og_type":"article","og_title":"Pol\u00edtica de privacidad -Canastas Navide\u00f1as","og_description":"AVISO DE PRIVACIDAD En atenci\u00f3n a la Ley Federal de Protecci\u00f3n de Datos Personales en Posesi\u00f3n de Particulares, la empresa: La Bella Canasta con domicilio","og_url":"https:\/\/labellacanasta.com\/?page_id=3","og_site_name":"La Bella Canasta","article_publisher":"https:\/\/www.facebook.com\/Labellacanasta","article_modified_time":"2021-03-08T19:30:10+00:00","twitter_card":"summary_large_image","twitter_misc":{"Tiempo de lectura":"1 minuto"},"schema":{"@context":"https:\/\/schema.org","@graph":[{"@type":"WebPage","@id":"https:\/\/labellacanasta.com\/?page_id=3","url":"https:\/\/labellacanasta.com\/?page_id=3","name":"Pol\u00edtica de privacidad -Canastas Navide\u00f1as","isPartOf":{"@id":"https:\/\/labellacanasta.com\/#website"},"datePublished":"2021-01-15T18:14:07+00:00","dateModified":"2021-03-08T19:30:10+00:00","description":"AVISO DE PRIVACIDAD En atenci\u00f3n a la Ley Federal de Protecci\u00f3n de Datos Personales en Posesi\u00f3n de Particulares, la empresa: La Bella Canasta con domicilio","breadcrumb":{"@id":"https:\/\/labellacanasta.com\/?page_id=3#breadcrumb"},"inLanguage":"es","potentialAction":[{"@type":"ReadAction","target":["https:\/\/labellacanasta.com\/?page_id=3"]}]},{"@type":"BreadcrumbList","@id":"https:\/\/labellacanasta.com\/?page_id=3#breadcrumb","itemListElement":[{"@type":"ListItem","position":1,"name":"Portada","item":"https:\/\/labellacanasta.com\/"},{"@type":"ListItem","position":2,"name":"Pol\u00edtica de privacidad"}]},{"@type":"WebSite","@id":"https:\/\/labellacanasta.com\/#website","url":"https:\/\/labellacanasta.com\/","name":"La Bella Canasta","description":"Lo Mejor del Mundo en una Canasta","publisher":{"@id":"https:\/\/labellacanasta.com\/#organization"},"potentialAction":[{"@type":"SearchAction","target":{"@type":"EntryPoint","urlTemplate":"https:\/\/labellacanasta.com\/?s={search_term_string}"},"query-input":{"@type":"PropertyValueSpecification","valueRequired":true,"valueName":"search_term_string"}}],"inLanguage":"es"},{"@type":"Organization","@id":"https:\/\/labellacanasta.com\/#organization","name":"La Bella Canasta","url":"https:\/\/labellacanasta.com\/","logo":{"@type":"ImageObject","inLanguage":"es","@id":"https:\/\/labellacanasta.com\/#\/schema\/logo\/image\/","url":"https:\/\/labellacanasta.com\/wp-content\/uploads\/2021\/01\/logo380.png","contentUrl":"https:\/\/labellacanasta.com\/wp-content\/uploads\/2021\/01\/logo380.png","width":380,"height":133,"caption":"La Bella Canasta"},"image":{"@id":"https:\/\/labellacanasta.com\/#\/schema\/logo\/image\/"},"sameAs":["https:\/\/www.facebook.com\/Labellacanasta","https:\/\/www.instagram.com\/bellacanasta\/","https:\/\/www.linkedin.com\/company\/10255860\/admin\/"]}]}},"amp_enabled":true,"_links":{"self":[{"href":"https:\/\/labellacanasta.com\/index.php?rest_route=\/wp\/v2\/pages\/3","targetHints":{"allow":["GET"]}}],"collection":[{"href":"https:\/\/labellacanasta.com\/index.php?rest_route=\/wp\/v2\/pages"}],"about":[{"href":"https:\/\/labellacanasta.com\/index.php?rest_route=\/wp\/v2\/types\/page"}],"author":[{"embeddable":true,"href":"https:\/\/labellacanasta.com\/index.php?rest_route=\/wp\/v2\/users\/1"}],"replies":[{"embeddable":true,"href":"https:\/\/labellacanasta.com\/index.php?rest_route=%2Fwp%2Fv2%2Fcomments&post=3"}],"version-history":[{"count":0,"href":"https:\/\/labellacanasta.com\/index.php?rest_route=\/wp\/v2\/pages\/3\/revisions"}],"wp:attachment":[{"href":"https:\/\/labellacanasta.com\/index.php?rest_route=%2Fwp%2Fv2%2Fmedia&parent=3"}],"curies":[{"name":"wp","href":"https:\/\/api.w.org\/{rel}","templated":true}]}}