{"id":2720,"date":"2021-03-08T13:35:12","date_gmt":"2021-03-08T19:35:12","guid":{"rendered":"https:\/\/labellacanasta.com\/?page_id=2720"},"modified":"2022-09-26T10:05:36","modified_gmt":"2022-09-26T16:05:36","slug":"acerca-de-nosotros","status":"publish","type":"page","link":"https:\/\/labellacanasta.com\/?page_id=2720","title":{"rendered":"Acerca de Nosotros"},"content":{"rendered":"<div class=\"wpb-content-wrapper\"><p>[vc_row][vc_column][vc_column_text]<\/p>\r\n<h2 class=\"wp-block-heading\"><strong>ACERCA DE NOSOTROS<\/strong><\/h2>\r\n<p>Somos una empresa especializada en la elaboraci\u00f3n de Canastas con contenido gourmet, Arcones, Ba\u00fales y Regalos corporativos.<\/p>\r\n<p>En 2008 nace La Bella Canasta como respuesta a la necesidad de los clientes de tener un proveedor confiable especialista en el ramo de regalos empresariales y canastas gourmet, con contenidos delicatesen : vinos y licores, quesos de importaci\u00f3n y nacionales, variedad de charcuter\u00eda, lateria fina, chocolates de todo el mundo , frutas selectas y despensas institucionales.<\/p>\r\n<p>Nuestro amplio cat\u00e1logo comprende: Canastas Navide\u00f1as, Canastas empresariales, Arcones, Canastas Gourmet, Canastas con dulces y chocolates, Ba\u00fales gourmet, Charolas con productos artesanales y regionales, y mucho m\u00e1s.<\/p>\r\n<p>Del 2009 al 2014 crecimos en nuestra base de clientes atendiendo a los principales corporativos de la ciudad de Monterrey y ciudades del noreste de M\u00e9xico.<\/p>\r\n<p>En el 2015 ampliamos nuestro servicio de log\u00edstica y distribuci\u00f3n atendiendo las principales ciudades de toda la Rep\u00fablica Mexicana, logrando convenios con mensajer\u00edas estrat\u00e9gicas.<\/p>\r\n<p>Y debido a este crecimiento nos convertimos en persona moral como COMERCIALIZADORA<br \/>BELLA CANASTA, S.A. DE C.V. con opini\u00f3n positiva del SAT al mes actual.<\/p>\r\n<p>En la Bella Canasta siempre tendremos el gran compromiso y placer de poder atenderle y servirle los 365 d\u00edas del a\u00f1o,<br \/>Gracias por ser parte de nuestra Gran Familia !!!!<\/p>\r\n<hr \/>\r\n<p>La Bella Canasta no vende productos con alcohol a menores de edad.<br \/>El grado de alcohol m\u00e1s alto de producto que vendemos es de 47.5% y corresponde a la bebida Mezcal Artesanal Alipus de 750 ml<\/p>\r\n<p>[\/vc_column_text][\/vc_column][\/vc_row]<\/p><\/div>","protected":false},"excerpt":{"rendered":"<p>[vc_row][vc_column][vc_column_text] ACERCA DE NOSOTROS Somos una empresa especializada en la elaboraci\u00f3n de Canastas con contenido gourmet, Arcones, Ba\u00fales y Regalos corporativos. En 2008 nace La Bella Canasta como respuesta a la necesidad de los clientes de tener un proveedor confiable especialista en el ramo de regalos empresariales y canastas gourmet, con contenidos delicatesen : vinos [&hellip;]<\/p>\n","protected":false},"author":1,"featured_media":0,"parent":0,"menu_order":0,"comment_status":"closed","ping_status":"closed","template":"","meta":{"footnotes":""},"class_list":["post-2720","page","type-page","status-publish","hentry"],"yoast_head":"<!-- This site is optimized with the Yoast SEO plugin v25.5 - https:\/\/yoast.com\/wordpress\/plugins\/seo\/ -->\n<title>Acerca de Nosotros -Canastas Navide\u00f1as<\/title>\n<meta name=\"description\" content=\"ACERCA DE NOSOTROS Somos una empresa especializada en la elaboraci\u00f3n de Canastas con contenido gourmet, Arcones, Ba\u00fales y Regalos corporativos. En 2008\" \/>\n<meta name=\"robots\" content=\"index, follow, max-snippet:-1, max-image-preview:large, max-video-preview:-1\" \/>\n<link rel=\"canonical\" href=\"https:\/\/labellacanasta.com\/?page_id=2720\" \/>\n<meta property=\"og:locale\" content=\"es_ES\" \/>\n<meta property=\"og:type\" content=\"article\" \/>\n<meta property=\"og:title\" content=\"Acerca de Nosotros -Canastas Navide\u00f1as\" \/>\n<meta property=\"og:description\" content=\"ACERCA DE NOSOTROS Somos una empresa especializada en la elaboraci\u00f3n de Canastas con contenido gourmet, Arcones, Ba\u00fales y Regalos corporativos. En 2008\" \/>\n<meta property=\"og:url\" content=\"https:\/\/labellacanasta.com\/?page_id=2720\" \/>\n<meta property=\"og:site_name\" content=\"La Bella Canasta\" \/>\n<meta property=\"article:publisher\" content=\"https:\/\/www.facebook.com\/Labellacanasta\" \/>\n<meta property=\"article:modified_time\" content=\"2022-09-26T16:05:36+00:00\" \/>\n<meta name=\"twitter:card\" content=\"summary_large_image\" \/>\n<meta name=\"twitter:label1\" content=\"Tiempo de lectura\" \/>\n\t<meta name=\"twitter:data1\" content=\"1 minuto\" \/>\n<script type=\"application\/ld+json\" class=\"yoast-schema-graph\">{\"@context\":\"https:\/\/schema.org\",\"@graph\":[{\"@type\":\"WebPage\",\"@id\":\"https:\/\/labellacanasta.com\/?page_id=2720\",\"url\":\"https:\/\/labellacanasta.com\/?page_id=2720\",\"name\":\"Acerca de Nosotros -Canastas Navide\u00f1as\",\"isPartOf\":{\"@id\":\"https:\/\/labellacanasta.com\/#website\"},\"datePublished\":\"2021-03-08T19:35:12+00:00\",\"dateModified\":\"2022-09-26T16:05:36+00:00\",\"description\":\"ACERCA DE NOSOTROS Somos una empresa especializada en la elaboraci\u00f3n de Canastas con contenido gourmet, Arcones, Ba\u00fales y Regalos corporativos. En 2008\",\"breadcrumb\":{\"@id\":\"https:\/\/labellacanasta.com\/?page_id=2720#breadcrumb\"},\"inLanguage\":\"es\",\"potentialAction\":[{\"@type\":\"ReadAction\",\"target\":[\"https:\/\/labellacanasta.com\/?page_id=2720\"]}]},{\"@type\":\"BreadcrumbList\",\"@id\":\"https:\/\/labellacanasta.com\/?page_id=2720#breadcrumb\",\"itemListElement\":[{\"@type\":\"ListItem\",\"position\":1,\"name\":\"Portada\",\"item\":\"https:\/\/labellacanasta.com\/\"},{\"@type\":\"ListItem\",\"position\":2,\"name\":\"Acerca de Nosotros\"}]},{\"@type\":\"WebSite\",\"@id\":\"https:\/\/labellacanasta.com\/#website\",\"url\":\"https:\/\/labellacanasta.com\/\",\"name\":\"La Bella Canasta\",\"description\":\"Lo Mejor del Mundo en una Canasta\",\"publisher\":{\"@id\":\"https:\/\/labellacanasta.com\/#organization\"},\"potentialAction\":[{\"@type\":\"SearchAction\",\"target\":{\"@type\":\"EntryPoint\",\"urlTemplate\":\"https:\/\/labellacanasta.com\/?s={search_term_string}\"},\"query-input\":{\"@type\":\"PropertyValueSpecification\",\"valueRequired\":true,\"valueName\":\"search_term_string\"}}],\"inLanguage\":\"es\"},{\"@type\":\"Organization\",\"@id\":\"https:\/\/labellacanasta.com\/#organization\",\"name\":\"La Bella Canasta\",\"url\":\"https:\/\/labellacanasta.com\/\",\"logo\":{\"@type\":\"ImageObject\",\"inLanguage\":\"es\",\"@id\":\"https:\/\/labellacanasta.com\/#\/schema\/logo\/image\/\",\"url\":\"https:\/\/labellacanasta.com\/wp-content\/uploads\/2021\/01\/logo380.png\",\"contentUrl\":\"https:\/\/labellacanasta.com\/wp-content\/uploads\/2021\/01\/logo380.png\",\"width\":380,\"height\":133,\"caption\":\"La Bella Canasta\"},\"image\":{\"@id\":\"https:\/\/labellacanasta.com\/#\/schema\/logo\/image\/\"},\"sameAs\":[\"https:\/\/www.facebook.com\/Labellacanasta\",\"https:\/\/www.instagram.com\/bellacanasta\/\",\"https:\/\/www.linkedin.com\/company\/10255860\/admin\/\"]}]}<\/script>\n<!-- \/ Yoast SEO plugin. -->","yoast_head_json":{"title":"Acerca de Nosotros -Canastas Navide\u00f1as","description":"ACERCA DE NOSOTROS Somos una empresa especializada en la elaboraci\u00f3n de Canastas con contenido gourmet, Arcones, Ba\u00fales y Regalos corporativos. En 2008","robots":{"index":"index","follow":"follow","max-snippet":"max-snippet:-1","max-image-preview":"max-image-preview:large","max-video-preview":"max-video-preview:-1"},"canonical":"https:\/\/labellacanasta.com\/?page_id=2720","og_locale":"es_ES","og_type":"article","og_title":"Acerca de Nosotros -Canastas Navide\u00f1as","og_description":"ACERCA DE NOSOTROS Somos una empresa especializada en la elaboraci\u00f3n de Canastas con contenido gourmet, Arcones, Ba\u00fales y Regalos corporativos. En 2008","og_url":"https:\/\/labellacanasta.com\/?page_id=2720","og_site_name":"La Bella Canasta","article_publisher":"https:\/\/www.facebook.com\/Labellacanasta","article_modified_time":"2022-09-26T16:05:36+00:00","twitter_card":"summary_large_image","twitter_misc":{"Tiempo de lectura":"1 minuto"},"schema":{"@context":"https:\/\/schema.org","@graph":[{"@type":"WebPage","@id":"https:\/\/labellacanasta.com\/?page_id=2720","url":"https:\/\/labellacanasta.com\/?page_id=2720","name":"Acerca de Nosotros -Canastas Navide\u00f1as","isPartOf":{"@id":"https:\/\/labellacanasta.com\/#website"},"datePublished":"2021-03-08T19:35:12+00:00","dateModified":"2022-09-26T16:05:36+00:00","description":"ACERCA DE NOSOTROS Somos una empresa especializada en la elaboraci\u00f3n de Canastas con contenido gourmet, Arcones, Ba\u00fales y Regalos corporativos. En 2008","breadcrumb":{"@id":"https:\/\/labellacanasta.com\/?page_id=2720#breadcrumb"},"inLanguage":"es","potentialAction":[{"@type":"ReadAction","target":["https:\/\/labellacanasta.com\/?page_id=2720"]}]},{"@type":"BreadcrumbList","@id":"https:\/\/labellacanasta.com\/?page_id=2720#breadcrumb","itemListElement":[{"@type":"ListItem","position":1,"name":"Portada","item":"https:\/\/labellacanasta.com\/"},{"@type":"ListItem","position":2,"name":"Acerca de Nosotros"}]},{"@type":"WebSite","@id":"https:\/\/labellacanasta.com\/#website","url":"https:\/\/labellacanasta.com\/","name":"La Bella Canasta","description":"Lo Mejor del Mundo en una Canasta","publisher":{"@id":"https:\/\/labellacanasta.com\/#organization"},"potentialAction":[{"@type":"SearchAction","target":{"@type":"EntryPoint","urlTemplate":"https:\/\/labellacanasta.com\/?s={search_term_string}"},"query-input":{"@type":"PropertyValueSpecification","valueRequired":true,"valueName":"search_term_string"}}],"inLanguage":"es"},{"@type":"Organization","@id":"https:\/\/labellacanasta.com\/#organization","name":"La Bella Canasta","url":"https:\/\/labellacanasta.com\/","logo":{"@type":"ImageObject","inLanguage":"es","@id":"https:\/\/labellacanasta.com\/#\/schema\/logo\/image\/","url":"https:\/\/labellacanasta.com\/wp-content\/uploads\/2021\/01\/logo380.png","contentUrl":"https:\/\/labellacanasta.com\/wp-content\/uploads\/2021\/01\/logo380.png","width":380,"height":133,"caption":"La Bella Canasta"},"image":{"@id":"https:\/\/labellacanasta.com\/#\/schema\/logo\/image\/"},"sameAs":["https:\/\/www.facebook.com\/Labellacanasta","https:\/\/www.instagram.com\/bellacanasta\/","https:\/\/www.linkedin.com\/company\/10255860\/admin\/"]}]}},"amp_enabled":true,"_links":{"self":[{"href":"https:\/\/labellacanasta.com\/index.php?rest_route=\/wp\/v2\/pages\/2720","targetHints":{"allow":["GET"]}}],"collection":[{"href":"https:\/\/labellacanasta.com\/index.php?rest_route=\/wp\/v2\/pages"}],"about":[{"href":"https:\/\/labellacanasta.com\/index.php?rest_route=\/wp\/v2\/types\/page"}],"author":[{"embeddable":true,"href":"https:\/\/labellacanasta.com\/index.php?rest_route=\/wp\/v2\/users\/1"}],"replies":[{"embeddable":true,"href":"https:\/\/labellacanasta.com\/index.php?rest_route=%2Fwp%2Fv2%2Fcomments&post=2720"}],"version-history":[{"count":4,"href":"https:\/\/labellacanasta.com\/index.php?rest_route=\/wp\/v2\/pages\/2720\/revisions"}],"predecessor-version":[{"id":4374,"href":"https:\/\/labellacanasta.com\/index.php?rest_route=\/wp\/v2\/pages\/2720\/revisions\/4374"}],"wp:attachment":[{"href":"https:\/\/labellacanasta.com\/index.php?rest_route=%2Fwp%2Fv2%2Fmedia&parent=2720"}],"curies":[{"name":"wp","href":"https:\/\/api.w.org\/{rel}","templated":true}]}}